{"id":872,"date":"2024-08-25T22:14:12","date_gmt":"2024-08-25T22:14:12","guid":{"rendered":"https:\/\/mundosobremesas.iprod.pt\/qualidade-copy\/"},"modified":"2024-09-11T00:15:20","modified_gmt":"2024-09-11T00:15:20","slug":"politica-de-qualidade","status":"publish","type":"page","link":"https:\/\/mundosobremesas.pt\/fr\/politica-de-qualidade\/","title":{"rendered":"Politica de Qualidade"},"content":{"rendered":"<div data-elementor-type=\"wp-page\" data-elementor-id=\"872\" class=\"elementor elementor-872\" data-elementor-post-type=\"page\">\n\t\t\t\t<div class=\"elementor-element elementor-element-9f29fe4 e-flex e-con-boxed e-con e-parent\" data-id=\"9f29fe4\" data-element_type=\"container\" data-e-type=\"container\">\n\t\t\t\t\t<div class=\"e-con-inner\">\n\t\t<div class=\"elementor-element elementor-element-64f3777 e-con-full e-flex e-con e-child\" data-id=\"64f3777\" data-element_type=\"container\" data-e-type=\"container\">\n\t\t\t\t<div class=\"elementor-element elementor-element-0fa515a elementor-widget elementor-widget-heading\" data-id=\"0fa515a\" data-element_type=\"widget\" data-e-type=\"widget\" data-widget_type=\"heading.default\">\n\t\t\t\t<div class=\"elementor-widget-container\">\n\t\t\t\t\t<h2 class=\"elementor-heading-title elementor-size-default\">Politique de qualit\u00e9 et de s\u00e9curit\u00e9 alimentaire<\/h2>\t\t\t\t<\/div>\n\t\t\t\t<\/div>\n\t\t\t\t<div class=\"elementor-element elementor-element-eacb7b0 elementor-widget elementor-widget-text-editor\" data-id=\"eacb7b0\" data-element_type=\"widget\" data-e-type=\"widget\" data-widget_type=\"text-editor.default\">\n\t\t\t\t<div class=\"elementor-widget-container\">\n\t\t\t\t\t\t\t\t\t<p class=\"translation-block\">En supposant un engagement envers\u00a0<strong>l'am\u00e9lioration continue<\/strong> et en reconnaissant que la qualit\u00e9 et la s\u00e9curit\u00e9 alimentaire sont un\u00a0<strong>pilier fondamental<\/strong>, la politique de qualit\u00e9 et de s\u00e9curit\u00e9 alimentaire d'O Mundo das Desserts se compose de\u00a0:<\/p><ul><li class=\"translation-block\"><strong>Clients et autres parties int\u00e9ress\u00e9es<\/strong>\u00a0: assurer la\u00a0<strong>satisfaction<\/strong>\u00a0et r\u00e9pondre aux\u00a0<strong>exigences et attentes<\/strong>, en cr\u00e9ant une relation de<\/li><li class=\"translation-block\"><strong>Cultura de Seguran\u00e7a Alimentar<\/strong>: Assegurar una\u00a0<strong>Cultura<\/strong>\u00a0consolidada, visando o envolvimento de todos na prote\u00e7\u00e3o da sa\u00fade dos consumidores<\/li><li class=\"translation-block\"><strong>Employ\u00e9s<\/strong>\u00a0: \u00c9tablissez un programme de\u00a0<strong>formation continue<\/strong>\u00a0pour vos employ\u00e9s, qui vous permet de consolider les comp\u00e9tences n\u00e9cessaires pour exercer votre r\u00f4le.<\/li><li class=\"translation-block\"><strong>Fournisseurs<\/strong>\u00a0: d\u00e9velopper et entretenir une\u00a0<strong>relation \u00e9troite<\/strong>, ax\u00e9e sur la\u00a0<strong>confiance Mutuelle<\/strong>.<\/li><\/ul>\t\t\t\t\t\t\t\t<\/div>\n\t\t\t\t<\/div>\n\t\t\t\t<\/div>\n\t\t\t\t\t<\/div>\n\t\t\t\t<\/div>\n\t\t<div class=\"elementor-element elementor-element-217ee41 e-flex e-con-boxed e-con e-parent\" data-id=\"217ee41\" data-element_type=\"container\" data-e-type=\"container\">\n\t\t\t\t\t<div class=\"e-con-inner\">\n\t\t<div class=\"elementor-element elementor-element-6772ab6 e-con-full e-flex e-con e-child\" data-id=\"6772ab6\" data-element_type=\"container\" data-e-type=\"container\">\n\t\t\t\t<div class=\"elementor-element elementor-element-02c9a69 elementor-widget elementor-widget-heading\" data-id=\"02c9a69\" data-element_type=\"widget\" data-e-type=\"widget\" data-widget_type=\"heading.default\">\n\t\t\t\t<div class=\"elementor-widget-container\">\n\t\t\t\t\t<h2 class=\"elementor-heading-title elementor-size-default\">Qualit\u00e9<\/h2>\t\t\t\t<\/div>\n\t\t\t\t<\/div>\n\t\t\t\t<div class=\"elementor-element elementor-element-0fb0c0d elementor-widget elementor-widget-text-editor\" data-id=\"0fb0c0d\" data-element_type=\"widget\" data-e-type=\"widget\" data-widget_type=\"text-editor.default\">\n\t\t\t\t<div class=\"elementor-widget-container\">\n\t\t\t\t\t\t\t\t\t<p>La Qualit\u00e9 et la S\u00e9curit\u00e9 Alimentaire sont la pierre angulaire du Monde des Desserts, refl\u00e9tant notre engagement in\u00e9branlable \u00e0 offrir des produits exceptionnels \u00e0 nos clients. Nous comprenons que pour maintenir la confiance et la satisfaction des consommateurs, il est essentiel de garantir non seulement des saveurs incomparables de nos g\u00e2teaux mais aussi leur s\u00e9curit\u00e9 et leur conformit\u00e9 aux normes internationales les plus \u00e9lev\u00e9es.<\/p><p>Dans ce contexte, nous sommes fiers de mettre en avant notre Certification selon la norme IFS Food, une reconnaissance prestigieuse qui d\u00e9montre notre d\u00e9vouement \u00e0 l'excellence \u00e0 tous les niveaux de fabrication. Cette certification n'est pas seulement la preuve de la qualit\u00e9 sup\u00e9rieure et de la s\u00e9curit\u00e9 de nos produits ; elle r\u00e9affirme \u00e9galement notre position en tant qu'entreprise leader dans le secteur des desserts.<\/p><p>L'obtention de la Certification IFS Food refl\u00e8te notre effort continu pour respecter strictement les exigences l\u00e9gales et r\u00e9glementaires, assurant la s\u00e9curit\u00e9 alimentaire depuis la s\u00e9lection des mati\u00e8res premi\u00e8res jusqu'au produit final entre les mains du consommateur. Ce processus complet garantit que chaque g\u00e2teau sortant de notre usine non seulement ravit le palais mais r\u00e9pond \u00e9galement aux normes les plus \u00e9lev\u00e9es de qualit\u00e9, de l\u00e9galit\u00e9, d'authenticit\u00e9 et de conformit\u00e9.<\/p><p>Nous nous engageons \u00e0 maintenir et d\u00e9passer les attentes de nos clients, en investissant constamment dans des technologies de production avanc\u00e9es, la formation continue de notre personnel et l'innovation dans les processus de contr\u00f4le de qualit\u00e9. Cette certification est une \u00e9tape importante dans notre parcours, mais ce n'est que le d\u00e9but. Nous continuerons \u00e0 \u00e9lever les standards de l'industrie, renfor\u00e7ant notre engagement envers l'excellence et la satisfaction du client.<\/p><p>Au Monde des Desserts, chaque g\u00e2teau est une \u0153uvre d'art, cr\u00e9\u00e9e avec passion, d\u00e9vouement et un engagement rigoureux envers la qualit\u00e9 et la s\u00e9curit\u00e9. Nous remercions nos clients pour leur confiance dans notre marque et r\u00e9affirmons notre engagement \u00e0 continuer \u00e0 offrir des produits exceptionnels qui non seulement r\u00e9pondent, mais d\u00e9passent les attentes en termes de saveur, de qualit\u00e9 et de s\u00e9curit\u00e9.<\/p>\t\t\t\t\t\t\t\t<\/div>\n\t\t\t\t<\/div>\n\t\t\t\t<div class=\"elementor-element elementor-element-ab530d4 elementor-widget elementor-widget-image\" data-id=\"ab530d4\" data-element_type=\"widget\" data-e-type=\"widget\" data-widget_type=\"image.default\">\n\t\t\t\t<div class=\"elementor-widget-container\">\n\t\t\t\t\t\t\t\t\t\t\t\t\t\t\t<img fetchpriority=\"high\" decoding=\"async\" width=\"579\" height=\"343\" src=\"https:\/\/mundosobremesas.pt\/wp-content\/uploads\/2024\/02\/IFS_Food_Box_coated_Cmyk.jpg\" class=\"attachment-large size-large wp-image-465\" alt=\"\" srcset=\"https:\/\/mundosobremesas.pt\/wp-content\/uploads\/2024\/02\/IFS_Food_Box_coated_Cmyk.jpg 579w, https:\/\/mundosobremesas.pt\/wp-content\/uploads\/2024\/02\/IFS_Food_Box_coated_Cmyk-300x178.jpg 300w\" sizes=\"(max-width: 579px) 100vw, 579px\" \/>\t\t\t\t\t\t\t\t\t\t\t\t\t\t\t<\/div>\n\t\t\t\t<\/div>\n\t\t\t\t<\/div>\n\t\t\t\t\t<\/div>\n\t\t\t\t<\/div>\n\t\t\t\t<\/div>","protected":false},"excerpt":{"rendered":"<p>Pol\u00edtica de Qualidade e Seguranca Alimentar Assumindo o compromisso com a\u00a0melhoria cont\u00ednua\u00a0e reconhecendo que a Qualidade e Seguran\u00e7a Alimentar s\u00e3o um\u00a0pilar fundamental, a Pol\u00edtica da Qualidade e da Seguran\u00e7a Alimentar d\u2019 O Mundo das Sobremesas consiste em: Clientes e outras Partes interessadas: Garantir a\u00a0satisfa\u00e7\u00e3o\u00a0e responder aos\u00a0requisitos e expectativas, criando uma rela\u00e7\u00e3o de Cultura de Seguran\u00e7a [&hellip;]<\/p>\n","protected":false},"author":1,"featured_media":0,"parent":0,"menu_order":0,"comment_status":"closed","ping_status":"closed","template":"","meta":{"_acf_changed":false,"footnotes":""},"class_list":["post-872","page","type-page","status-publish","hentry"],"acf":[],"_links":{"self":[{"href":"https:\/\/mundosobremesas.pt\/fr\/wp-json\/wp\/v2\/pages\/872","targetHints":{"allow":["GET"]}}],"collection":[{"href":"https:\/\/mundosobremesas.pt\/fr\/wp-json\/wp\/v2\/pages"}],"about":[{"href":"https:\/\/mundosobremesas.pt\/fr\/wp-json\/wp\/v2\/types\/page"}],"author":[{"embeddable":true,"href":"https:\/\/mundosobremesas.pt\/fr\/wp-json\/wp\/v2\/users\/1"}],"replies":[{"embeddable":true,"href":"https:\/\/mundosobremesas.pt\/fr\/wp-json\/wp\/v2\/comments?post=872"}],"version-history":[{"count":7,"href":"https:\/\/mundosobremesas.pt\/fr\/wp-json\/wp\/v2\/pages\/872\/revisions"}],"predecessor-version":[{"id":931,"href":"https:\/\/mundosobremesas.pt\/fr\/wp-json\/wp\/v2\/pages\/872\/revisions\/931"}],"wp:attachment":[{"href":"https:\/\/mundosobremesas.pt\/fr\/wp-json\/wp\/v2\/media?parent=872"}],"curies":[{"name":"wp","href":"https:\/\/api.w.org\/{rel}","templated":true}]}}