{"id":161,"date":"2024-02-14T19:15:28","date_gmt":"2024-02-14T19:15:28","guid":{"rendered":"https:\/\/mundosobremesas.iprod.pt\/?page_id=161"},"modified":"2024-02-26T05:49:08","modified_gmt":"2024-02-26T05:49:08","slug":"politica-de-cookkies","status":"publish","type":"page","link":"https:\/\/mundosobremesas.pt\/fr\/politica-de-cookkies\/","title":{"rendered":"Politique de Cookies"},"content":{"rendered":"<div data-elementor-type=\"wp-page\" data-elementor-id=\"161\" class=\"elementor elementor-161\" data-elementor-post-type=\"page\">\n\t\t\t\t<div class=\"elementor-element elementor-element-191007a e-flex e-con-boxed e-con e-parent\" data-id=\"191007a\" data-element_type=\"container\" data-e-type=\"container\">\n\t\t\t\t\t<div class=\"e-con-inner\">\n\t\t\t\t<div class=\"elementor-element elementor-element-883d4db elementor-widget elementor-widget-text-editor\" data-id=\"883d4db\" data-element_type=\"widget\" data-e-type=\"widget\" data-widget_type=\"text-editor.default\">\n\t\t\t\t<div class=\"elementor-widget-container\">\n\t\t\t\t\t\t\t\t\t<p><strong>Politique de Cookies<\/strong><\/p><p>O Mundo das Sobremesas \u2013 Ind\u00fastria Alimentar, Lda. utilise des cookies sur son site Web pour am\u00e9liorer les performances et l'exp\u00e9rience utilisateur gr\u00e2ce \u00e0 un service personnalis\u00e9 et efficace.<\/p><p>Les cookies sont des fichiers texte r\u00e9duits qui contiennent des quantit\u00e9s r\u00e9duites d'informations, li\u00e9es aux pr\u00e9f\u00e9rences de nos utilisateurs, t\u00e9l\u00e9charg\u00e9es sur les ordinateurs ou autres appareils de nos utilisateurs via un serveur. Les cookies permettent au site Web de reconna\u00eetre l'appareil lors de sa prochaine visite, permettant ainsi une navigation plus rapide et plus efficace et \u00e9liminant le besoin de saisir \u00e0 plusieurs reprises les m\u00eames informations.<\/p><p class=\"translation-block\">Votre navigateur internet renvoie ensuite, \u00e0 chaque visite ult\u00e9rieure, ces cookies au Site, permettant la reconnaissance et la m\u00e9morisation de l'identit\u00e9 de nos visiteurs, \u00e0 savoir les pr\u00e9f\u00e9rences d'utilisation de nos utilisateurs. Vous pouvez trouver\u00a0<a href=\"http:\/\/www.aboutcookies.org\/\" target=\"_self\">ici<\/a>\u00a0des informations plus d\u00e9taill\u00e9es sur les cookies et leur fonctionnement.<\/p><p class=\"translation-block\">La navigation sur ce site Web permet la collecte d'informations \u00e0 l'aide de cookies et d'autres technologies. En utilisant ce site Web, vous acceptez l'utilisation de cookies comme d\u00e9crit dans le pr\u00e9sent Avis relatif aux cookies.<br>Les cookies utilis\u00e9s respectent les principes d'anonymat et de confidentialit\u00e9 et ont pour seul but de reconna\u00eetre l'utilisateur et ne sont en aucun cas utilis\u00e9s pour collecter informations ou \u00e0 des fins de marketing direct.<\/p><p>QUELS TYPES DE COOKIES SONT UTILIS\u00c9S ET POURQUOI ?<\/p><p class=\"translation-block\">Algunas de las cookies que utilizamos son\u00a0<strong>necesarias<\/strong>\u00a0para permitirle navegar por este sitio web y aprovechar sus funciones, como acceder a \u00e1reas seguras y contenidos con acceso exclusivo para usuarios registrados.<\/p><p class=\"translation-block\">Notre site Web utilise \u00e9galement des\u00a0<strong>cookies fonctionnels<\/strong>\u00a0pour enregistrer des informations sur les options de nos utilisateurs et nous permettre de personnaliser notre site Web en fonction de leurs besoins\u00a0; par exemple, se souvenir de la langue d'origine ou de la r\u00e9gion ou du fait qu'un utilisateur a d\u00e9j\u00e0 rempli une enqu\u00eate. Les informations enregistr\u00e9es sont anonymes et sont destin\u00e9es uniquement \u00e0 la finalit\u00e9 indiqu\u00e9e ci-dessus.<\/p><p class=\"translation-block\">Ce site Web n'utilise pas de\u00a0<strong><em>cookies de ciblage<\/em><\/strong>\u00a0pour promouvoir des publicit\u00e9s cibl\u00e9es aupr\u00e8s de nos visiteurs.<\/p><p>COMMENT G\u00c9RER LES COOKIES ?<\/p><p>Les utilisateurs du site Web acceptent l'introduction de cookies sur leurs ordinateurs ou appareils dans les conditions indiqu\u00e9es ci-dessus sans pr\u00e9judice des moyens de contr\u00f4le et de gestion disponibles.<\/p><p>Apr\u00e8s avoir autoris\u00e9 l'utilisation des cookies, l'utilisateur peut toujours d\u00e9sactiver tout ou partie des cookies, cependant, nous informons les utilisateurs que la suppression ou le blocage des cookies peut affecter leur exp\u00e9rience utilisateur et peut limiter l'acc\u00e8s \u00e0 certaines zones du site Web.<\/p><p>COMMENT PUIS-JE MODIFIER MES PR\u00c9F\u00c9RENCES EN GESTION DES COOKIES ?<\/p><p>Vous pouvez \u00e0 tout moment r\u00e9voquer votre consentement ou modifier vos pr\u00e9f\u00e9rences en mati\u00e8re de gestion des cookies sur la page cookies du site.<\/p><p>Alternativement, la plupart des navigateurs permettent de contr\u00f4ler les cookies stock\u00e9s sur les appareils du visiteur, ainsi que leur suppression imm\u00e9diate, si l'utilisateur souhaite cesser d'autoriser le stockage local des cookies. Pour ce faire, vous pouvez trouver plus d'informations sur les sites internet : www.aboutcookies.org ou www.allaboutcookies.org.<\/p><p>Les utilisateurs peuvent toujours configurer les appareils et les navigateurs qu'ils utilisent pour accepter tout ou partie des cookies, pour les avertir chaque fois qu'un cookie est \u00e9mis ou pour ne jamais recevoir de cookies.<\/p><p>Vous pouvez trouver des informations plus sp\u00e9cifiques sur la fa\u00e7on de g\u00e9rer les pr\u00e9f\u00e9rences en mati\u00e8re de cookies pour les navigateurs les plus populaires sur\u00a0:<\/p><ul><li><a href=\"https:\/\/support.google.com\/accounts\/answer\/61416?co=GENIE.Platform%3DDesktop&amp;hl=en\">Google Chrome<\/a><\/li><li><a href=\"https:\/\/privacy.microsoft.com\/en-us\/windows-10-microsoft-edge-and-privacy\">Microsoft Edge<\/a><\/li><li><a href=\"https:\/\/support.mozilla.org\/en-US\/kb\/enable-and-disable-cookies-website-preferences\">Mozilla Firefox<\/a><\/li><li><a href=\"https:\/\/support.microsoft.com\/en-gb\/help\/17442\/windows-internet-explorer-delete-manage-cookies\">Microsoft Internet Explorer<\/a><\/li><li><a href=\"https:\/\/www.opera.com\/help\/tutorials\/security\/privacy\/\">Opera<\/a><\/li><li><a href=\"https:\/\/support.apple.com\/en-gb\/safari\">Apple Safari<\/a><\/li><\/ul><p>Vous pouvez toujours trouver des informations concernant la gestion des cookies pour d'autres navigateurs en visitant le site Web du fournisseur.<\/p><p>COMMANDES DU NAVIGATEUR<\/p><p>La grande majorit\u00e9 des navigateurs permettent \u00e0 nos utilisateurs de visualiser les cookies h\u00e9berg\u00e9s et de les supprimer individuellement ou bien de bloquer les cookies sur un site Web sp\u00e9cifique ou sur tous les sites Web en g\u00e9n\u00e9ral.<\/p><p class=\"translation-block\">Les pr\u00e9f\u00e9rences d\u00e9finies, y compris la d\u00e9sinscription, sont perdues chaque fois que les cookies sont supprim\u00e9s. Pour plus d'informations, veuillez consulter les sites Web\u00a0<a href=\"http:\/\/www.aboutcookies.org\/\" target=\"_self\">AboutCookies.org<\/a>\u00a0ou\u00a0<a href=\"http:\/\/www.cookiecentral .com\/faq\/\" target=\"_self\">Cookiecentral.com<\/a>.<\/p>\t\t\t\t\t\t\t\t<\/div>\n\t\t\t\t<\/div>\n\t\t\t\t\t<\/div>\n\t\t\t\t<\/div>\n\t\t\t\t<\/div>","protected":false},"excerpt":{"rendered":"<p>Politica de Cookies O Mundo das Sobremesas \u2013 Ind\u00fastria Alimentar, Lda. utiliza cookies no seu website para melhorar o desempenho e a experi\u00eancia do utilizador atrav\u00e9s de um servi\u00e7o personalizado e eficiente. Os cookies s\u00e3o ficheiros de texto reduzido que cont\u00eam quantidades de informa\u00e7\u00e3o reduzidas, relacionada com as prefer\u00eancias dos nossos utilizadores, descarregadas para o [&hellip;]<\/p>\n","protected":false},"author":1,"featured_media":0,"parent":0,"menu_order":0,"comment_status":"closed","ping_status":"closed","template":"","meta":{"_acf_changed":false,"footnotes":""},"class_list":["post-161","page","type-page","status-publish","hentry"],"acf":[],"_links":{"self":[{"href":"https:\/\/mundosobremesas.pt\/fr\/wp-json\/wp\/v2\/pages\/161","targetHints":{"allow":["GET"]}}],"collection":[{"href":"https:\/\/mundosobremesas.pt\/fr\/wp-json\/wp\/v2\/pages"}],"about":[{"href":"https:\/\/mundosobremesas.pt\/fr\/wp-json\/wp\/v2\/types\/page"}],"author":[{"embeddable":true,"href":"https:\/\/mundosobremesas.pt\/fr\/wp-json\/wp\/v2\/users\/1"}],"replies":[{"embeddable":true,"href":"https:\/\/mundosobremesas.pt\/fr\/wp-json\/wp\/v2\/comments?post=161"}],"version-history":[{"count":9,"href":"https:\/\/mundosobremesas.pt\/fr\/wp-json\/wp\/v2\/pages\/161\/revisions"}],"predecessor-version":[{"id":489,"href":"https:\/\/mundosobremesas.pt\/fr\/wp-json\/wp\/v2\/pages\/161\/revisions\/489"}],"wp:attachment":[{"href":"https:\/\/mundosobremesas.pt\/fr\/wp-json\/wp\/v2\/media?parent=161"}],"curies":[{"name":"wp","href":"https:\/\/api.w.org\/{rel}","templated":true}]}}