{"id":140,"date":"2024-02-14T09:15:10","date_gmt":"2024-02-14T09:15:10","guid":{"rendered":"https:\/\/mundosobremesas.iprod.pt\/?page_id=140"},"modified":"2024-09-11T00:11:28","modified_gmt":"2024-09-11T00:11:28","slug":"apresentacao-da-empresa","status":"publish","type":"page","link":"https:\/\/mundosobremesas.pt\/fr\/apresentacao-da-empresa\/","title":{"rendered":"Pr\u00e9sentation de l'entreprise"},"content":{"rendered":"<div data-elementor-type=\"wp-page\" data-elementor-id=\"140\" class=\"elementor elementor-140\" data-elementor-post-type=\"page\">\n\t\t\t\t<div class=\"elementor-element elementor-element-d0eda63 e-flex e-con-boxed e-con e-parent\" data-id=\"d0eda63\" data-element_type=\"container\" data-e-type=\"container\">\n\t\t\t\t\t<div class=\"e-con-inner\">\n\t\t\t\t<div class=\"elementor-element elementor-element-dd0eef4 elementor-widget elementor-widget-spacer\" data-id=\"dd0eef4\" data-element_type=\"widget\" data-e-type=\"widget\" data-widget_type=\"spacer.default\">\n\t\t\t\t<div class=\"elementor-widget-container\">\n\t\t\t\t\t\t\t<div class=\"elementor-spacer\">\n\t\t\t<div class=\"elementor-spacer-inner\"><\/div>\n\t\t<\/div>\n\t\t\t\t\t\t<\/div>\n\t\t\t\t<\/div>\n\t\t\t\t\t<\/div>\n\t\t\t\t<\/div>\n\t\t<div class=\"elementor-element elementor-element-7f03ce4 e-flex e-con-boxed e-con e-parent\" data-id=\"7f03ce4\" data-element_type=\"container\" data-e-type=\"container\">\n\t\t\t\t\t<div class=\"e-con-inner\">\n\t\t<div class=\"elementor-element elementor-element-0dc34bb e-con-full e-flex e-con e-child\" data-id=\"0dc34bb\" data-element_type=\"container\" data-e-type=\"container\">\n\t\t\t\t<div class=\"elementor-element elementor-element-abbde47 elementor-widget elementor-widget-heading\" data-id=\"abbde47\" data-element_type=\"widget\" data-e-type=\"widget\" data-widget_type=\"heading.default\">\n\t\t\t\t<div class=\"elementor-widget-container\">\n\t\t\t\t\t<h2 class=\"elementor-heading-title elementor-size-default\">Pr\u00e9sentation de l'entreprise<\/h2>\t\t\t\t<\/div>\n\t\t\t\t<\/div>\n\t\t\t\t<div class=\"elementor-element elementor-element-1f22545 elementor-widget elementor-widget-text-editor\" data-id=\"1f22545\" data-element_type=\"widget\" data-e-type=\"widget\" data-widget_type=\"text-editor.default\">\n\t\t\t\t<div class=\"elementor-widget-container\">\n\t\t\t\t\t\t\t\t\t<p>Est 1983<br \/>Une marque est n\u00e9e...<br \/><strong>My Cake<\/strong>, de notre part, pour votre famille.<\/p><p>Nous sommes une entreprise g\u00e9n\u00e9rationnelle remontant aux ann\u00e9es 80 du si\u00e8cle dernier.<\/p><p>Nous sommes situ\u00e9s dans la ville historique de Vila do Conde, au nord du Portugal.<\/p><p>Nous avons une vaste exp\u00e9rience et connaissance du march\u00e9 et nous sommes l'un des plus grands producteurs de desserts et de p\u00e2tisseries au Portugal, avec une gamme diversifi\u00e9e et quelque chose qui nous distingue des autres, par la qualit\u00e9, la saveur et la tradition, conform\u00e9ment aux normes exigeantes de termes de qualit\u00e9 et de s\u00e9curit\u00e9 alimentaire.<\/p><p>Nous sommes pr\u00e9sents sur les segments de l'h\u00f4tellerie et de la restauration, des grands \u00e9v\u00e9nements, des croisi\u00e8res, des distributeurs et des cha\u00eenes de Grande Distribution, nous exportons dans plusieurs pays et sommes pr\u00e9sents sur les meilleurs salons du secteur.<\/p><p>Nous proposons des solutions innovantes adapt\u00e9es \u00e0 diff\u00e9rents types de march\u00e9s et proposons des solutions individuelles adapt\u00e9es au client, sous marque priv\u00e9e, recettes et formats exclusifs.<\/p><p>Nous voulons que vous soyez votre partenaire \u00e0 succ\u00e8s, que vous fassiez partie de votre famille, ensemble nous continuerons \u00e0...<\/p><p><strong>Adoucissez vos moments<\/strong>.<\/p>\t\t\t\t\t\t\t\t<\/div>\n\t\t\t\t<\/div>\n\t\t\t\t<\/div>\n\t\t\t\t\t<\/div>\n\t\t\t\t<\/div>\n\t\t<div class=\"elementor-element elementor-element-6f5e861 e-flex e-con-boxed e-con e-parent\" data-id=\"6f5e861\" data-element_type=\"container\" data-e-type=\"container\">\n\t\t\t\t\t<div class=\"e-con-inner\">\n\t\t<div class=\"elementor-element elementor-element-f04c202 e-con-full e-flex e-con e-child\" data-id=\"f04c202\" data-element_type=\"container\" data-e-type=\"container\">\n\t\t<div class=\"elementor-element elementor-element-6bbd551 e-con-full e-flex e-con e-child\" data-id=\"6bbd551\" data-element_type=\"container\" data-e-type=\"container\">\n\t\t\t\t<div class=\"elementor-element elementor-element-1093611 elementor-widget elementor-widget-heading\" data-id=\"1093611\" data-element_type=\"widget\" data-e-type=\"widget\" data-widget_type=\"heading.default\">\n\t\t\t\t<div class=\"elementor-widget-container\">\n\t\t\t\t\t<h2 class=\"elementor-heading-title elementor-size-default\">Notre mission<\/h2>\t\t\t\t<\/div>\n\t\t\t\t<\/div>\n\t\t\t\t<div class=\"elementor-element elementor-element-a3289bb elementor-widget elementor-widget-text-editor\" data-id=\"a3289bb\" data-element_type=\"widget\" data-e-type=\"widget\" data-widget_type=\"text-editor.default\">\n\t\t\t\t<div class=\"elementor-widget-container\">\n\t\t\t\t\t\t\t\t\t<p>R\u00e9pondre aux \u00e9volutions du march\u00e9, en nous diff\u00e9renciant en proposant de meilleurs produits et solutions afin de contribuer \u00e0 la croissance du march\u00e9 pour nos clients, ainsi qu'en augmentant l'internationalisation.<\/p>\t\t\t\t\t\t\t\t<\/div>\n\t\t\t\t<\/div>\n\t\t\t\t<\/div>\n\t\t\t\t<\/div>\n\t\t\t\t\t<\/div>\n\t\t\t\t<\/div>\n\t\t<div class=\"elementor-element elementor-element-4b2061d e-flex e-con-boxed e-con e-parent\" data-id=\"4b2061d\" data-element_type=\"container\" data-e-type=\"container\">\n\t\t\t\t\t<div class=\"e-con-inner\">\n\t\t<div class=\"elementor-element elementor-element-b1ceee2 e-con-full e-flex e-con e-child\" data-id=\"b1ceee2\" data-element_type=\"container\" data-e-type=\"container\">\n\t\t<div class=\"elementor-element elementor-element-f5ecc32 e-con-full e-flex e-con e-child\" data-id=\"f5ecc32\" data-element_type=\"container\" data-e-type=\"container\">\n\t\t\t\t<div class=\"elementor-element elementor-element-eaeced5 elementor-widget elementor-widget-heading\" data-id=\"eaeced5\" data-element_type=\"widget\" data-e-type=\"widget\" data-widget_type=\"heading.default\">\n\t\t\t\t<div class=\"elementor-widget-container\">\n\t\t\t\t\t<h2 class=\"elementor-heading-title elementor-size-default\">Notre engagement envers l'innovation<\/h2>\t\t\t\t<\/div>\n\t\t\t\t<\/div>\n\t\t\t\t<div class=\"elementor-element elementor-element-57e0a69 elementor-widget elementor-widget-text-editor\" data-id=\"57e0a69\" data-element_type=\"widget\" data-e-type=\"widget\" data-widget_type=\"text-editor.default\">\n\t\t\t\t<div class=\"elementor-widget-container\">\n\t\t\t\t\t\t\t\t\t<p class=\"translation-block\">L'<strong><u>innovation<\/u><\/strong> des produits fait partie de la philosophie d'O Mundo das Desserts, qui cherche \u00e0 r\u00e9pondre aux\u00a0<strong>besoins<\/strong>\u00a0des\u00a0<strong>clients. <\/strong>Nous disposons d'une \u00e9quipe d\u00e9di\u00e9e avec un savoir-faire, qui travaille en permanence pour pr\u00e9senter les meilleures solutions. Gr\u00e2ce \u00e0 notre vaste exp\u00e9rience et notre connaissance du march\u00e9, nous nous tenons au courant des derni\u00e8res tendances.<\/p>\t\t\t\t\t\t\t\t<\/div>\n\t\t\t\t<\/div>\n\t\t\t\t<\/div>\n\t\t\t\t<\/div>\n\t\t\t\t\t<\/div>\n\t\t\t\t<\/div>\n\t\t\t\t<\/div>","protected":false},"excerpt":{"rendered":"<p>Apresenta\u00e7\u00e3o da Empresa Est 1983Nasceu uma marca&#8230;My Cake, da nossa, para a sua fam\u00edlia. Somos uma empresa geracional, que remonta \u00e0 d\u00e9cada de 80 do s\u00e9culo passado. Estamos situados na hist\u00f3rica cidade de Vila do Conde, no norte de Portugal. Temos uma vasta experi\u00eancia e conhecimento do mercado e somos um dos maiores produtores em [&hellip;]<\/p>\n","protected":false},"author":1,"featured_media":0,"parent":0,"menu_order":0,"comment_status":"closed","ping_status":"closed","template":"","meta":{"_acf_changed":false,"footnotes":""},"class_list":["post-140","page","type-page","status-publish","hentry"],"acf":[],"_links":{"self":[{"href":"https:\/\/mundosobremesas.pt\/fr\/wp-json\/wp\/v2\/pages\/140","targetHints":{"allow":["GET"]}}],"collection":[{"href":"https:\/\/mundosobremesas.pt\/fr\/wp-json\/wp\/v2\/pages"}],"about":[{"href":"https:\/\/mundosobremesas.pt\/fr\/wp-json\/wp\/v2\/types\/page"}],"author":[{"embeddable":true,"href":"https:\/\/mundosobremesas.pt\/fr\/wp-json\/wp\/v2\/users\/1"}],"replies":[{"embeddable":true,"href":"https:\/\/mundosobremesas.pt\/fr\/wp-json\/wp\/v2\/comments?post=140"}],"version-history":[{"count":44,"href":"https:\/\/mundosobremesas.pt\/fr\/wp-json\/wp\/v2\/pages\/140\/revisions"}],"predecessor-version":[{"id":928,"href":"https:\/\/mundosobremesas.pt\/fr\/wp-json\/wp\/v2\/pages\/140\/revisions\/928"}],"wp:attachment":[{"href":"https:\/\/mundosobremesas.pt\/fr\/wp-json\/wp\/v2\/media?parent=140"}],"curies":[{"name":"wp","href":"https:\/\/api.w.org\/{rel}","templated":true}]}}