{"id":1096,"date":"2024-09-30T23:25:33","date_gmt":"2024-09-30T23:25:33","guid":{"rendered":"https:\/\/mundosobremesas.pt\/?page_id=1096"},"modified":"2024-10-01T17:52:17","modified_gmt":"2024-10-01T17:52:17","slug":"destaque","status":"publish","type":"page","link":"https:\/\/mundosobremesas.pt\/fr\/destaque\/","title":{"rendered":"Destaque"},"content":{"rendered":"<div data-elementor-type=\"wp-page\" data-elementor-id=\"1096\" class=\"elementor elementor-1096\" data-elementor-post-type=\"page\">\n\t\t\t\t<div class=\"elementor-element elementor-element-bcc73c7 e-flex e-con-boxed e-con e-parent\" data-id=\"bcc73c7\" data-element_type=\"container\" data-e-type=\"container\">\n\t\t\t\t\t<div class=\"e-con-inner\">\n\t\t\t\t<div class=\"elementor-element elementor-element-0486554 elementor-grid-1 elementor-widget__width-inherit elementor-grid-tablet-2 elementor-grid-mobile-1 elementor-posts--thumbnail-top elementor-widget elementor-widget-posts\" data-id=\"0486554\" data-element_type=\"widget\" data-e-type=\"widget\" data-settings=\"{&quot;classic_columns&quot;:&quot;1&quot;,&quot;classic_row_gap&quot;:{&quot;unit&quot;:&quot;px&quot;,&quot;size&quot;:29,&quot;sizes&quot;:[]},&quot;classic_columns_tablet&quot;:&quot;2&quot;,&quot;classic_columns_mobile&quot;:&quot;1&quot;,&quot;classic_row_gap_tablet&quot;:{&quot;unit&quot;:&quot;px&quot;,&quot;size&quot;:&quot;&quot;,&quot;sizes&quot;:[]},&quot;classic_row_gap_mobile&quot;:{&quot;unit&quot;:&quot;px&quot;,&quot;size&quot;:&quot;&quot;,&quot;sizes&quot;:[]}}\" data-widget_type=\"posts.classic\">\n\t\t\t\t<div class=\"elementor-widget-container\">\n\t\t\t\t\t\t\t<div class=\"elementor-posts-container elementor-posts elementor-posts--skin-classic elementor-grid\" role=\"list\">\n\t\t\t\t<article class=\"elementor-post elementor-grid-item post-1611 post type-post status-publish format-standard has-post-thumbnail hentry category-destaque category-noticias\" role=\"listitem\">\n\t\t\t\t<a class=\"elementor-post__thumbnail__link\" href=\"https:\/\/mundosobremesas.pt\/fr\/alimentaria-2026-barcelona\/\" tabindex=\"-1\" >\n\t\t\t<div class=\"elementor-post__thumbnail\"><img fetchpriority=\"high\" decoding=\"async\" width=\"1218\" height=\"747\" src=\"https:\/\/mundosobremesas.pt\/wp-content\/uploads\/2026\/02\/BCN-23-a-26-Marco-1.png\" class=\"attachment-full size-full wp-image-1582\" alt=\"\" srcset=\"https:\/\/mundosobremesas.pt\/wp-content\/uploads\/2026\/02\/BCN-23-a-26-Marco-1.png 1218w, https:\/\/mundosobremesas.pt\/wp-content\/uploads\/2026\/02\/BCN-23-a-26-Marco-1-300x184.png 300w, https:\/\/mundosobremesas.pt\/wp-content\/uploads\/2026\/02\/BCN-23-a-26-Marco-1-1024x628.png 1024w, https:\/\/mundosobremesas.pt\/wp-content\/uploads\/2026\/02\/BCN-23-a-26-Marco-1-768x471.png 768w, https:\/\/mundosobremesas.pt\/wp-content\/uploads\/2026\/02\/BCN-23-a-26-Marco-1-18x12.png 18w\" sizes=\"(max-width: 1218px) 100vw, 1218px\" \/><\/div>\n\t\t<\/a>\n\t\t\t\t<div class=\"elementor-post__text\">\n\t\t\t\t<h3 class=\"elementor-post__title\">\n\t\t\t<a href=\"https:\/\/mundosobremesas.pt\/fr\/alimentaria-2026-barcelona\/\" >\n\t\t\t\tMy Cake sera pr\u00e9sent \u00e0 Alimentaria 2026 \u00e0 Barcelone.\t\t\t<\/a>\n\t\t<\/h3>\n\t\t\t\t<\/div>\n\t\t\t\t<\/article>\n\t\t\t\t<\/div>\n\t\t\n\t\t\t\t\t\t<\/div>\n\t\t\t\t<\/div>\n\t\t\t\t\t<\/div>\n\t\t\t\t<\/div>\n\t\t<div class=\"elementor-element elementor-element-ab19dae e-flex e-con-boxed e-con e-parent\" data-id=\"ab19dae\" data-element_type=\"container\" data-e-type=\"container\">\n\t\t\t\t\t<div class=\"e-con-inner\">\n\t\t\t\t<div class=\"elementor-element elementor-element-222f95b elementor-widget elementor-widget-heading\" data-id=\"222f95b\" data-element_type=\"widget\" data-e-type=\"widget\" data-widget_type=\"heading.default\">\n\t\t\t\t<div class=\"elementor-widget-container\">\n\t\t\t\t\t<h1 class=\"elementor-heading-title elementor-size-default\">Autres nouvelles<\/h1>\t\t\t\t<\/div>\n\t\t\t\t<\/div>\n\t\t\t\t\t<\/div>\n\t\t\t\t<\/div>\n\t\t<div class=\"elementor-element elementor-element-e78a3f8 e-flex e-con-boxed e-con e-parent\" data-id=\"e78a3f8\" data-element_type=\"container\" data-e-type=\"container\">\n\t\t\t\t\t<div class=\"e-con-inner\">\n\t\t\t\t<div class=\"elementor-element elementor-element-c6b5e92 elementor-grid-4 elementor-posts--align-left elementor-grid-tablet-2 elementor-grid-mobile-1 elementor-posts--thumbnail-top elementor-widget elementor-widget-posts\" data-id=\"c6b5e92\" data-element_type=\"widget\" data-e-type=\"widget\" data-settings=\"{&quot;classic_columns&quot;:&quot;4&quot;,&quot;classic_columns_tablet&quot;:&quot;2&quot;,&quot;classic_columns_mobile&quot;:&quot;1&quot;,&quot;classic_row_gap&quot;:{&quot;unit&quot;:&quot;px&quot;,&quot;size&quot;:35,&quot;sizes&quot;:[]},&quot;classic_row_gap_tablet&quot;:{&quot;unit&quot;:&quot;px&quot;,&quot;size&quot;:&quot;&quot;,&quot;sizes&quot;:[]},&quot;classic_row_gap_mobile&quot;:{&quot;unit&quot;:&quot;px&quot;,&quot;size&quot;:&quot;&quot;,&quot;sizes&quot;:[]}}\" data-widget_type=\"posts.classic\">\n\t\t\t\t<div class=\"elementor-widget-container\">\n\t\t\t\t\t\t\t<div class=\"elementor-posts-container elementor-posts elementor-posts--skin-classic elementor-grid\" role=\"list\">\n\t\t\t\t<article class=\"elementor-post elementor-grid-item post-1611 post type-post status-publish format-standard has-post-thumbnail hentry category-destaque category-noticias\" role=\"listitem\">\n\t\t\t\t<a class=\"elementor-post__thumbnail__link\" href=\"https:\/\/mundosobremesas.pt\/fr\/alimentaria-2026-barcelona\/\" tabindex=\"-1\" >\n\t\t\t<div class=\"elementor-post__thumbnail\"><img decoding=\"async\" width=\"300\" height=\"184\" src=\"https:\/\/mundosobremesas.pt\/wp-content\/uploads\/2026\/02\/BCN-23-a-26-Marco-1-300x184.png\" class=\"attachment-medium size-medium wp-image-1582\" alt=\"\" srcset=\"https:\/\/mundosobremesas.pt\/wp-content\/uploads\/2026\/02\/BCN-23-a-26-Marco-1-300x184.png 300w, https:\/\/mundosobremesas.pt\/wp-content\/uploads\/2026\/02\/BCN-23-a-26-Marco-1-1024x628.png 1024w, https:\/\/mundosobremesas.pt\/wp-content\/uploads\/2026\/02\/BCN-23-a-26-Marco-1-768x471.png 768w, https:\/\/mundosobremesas.pt\/wp-content\/uploads\/2026\/02\/BCN-23-a-26-Marco-1-18x12.png 18w, https:\/\/mundosobremesas.pt\/wp-content\/uploads\/2026\/02\/BCN-23-a-26-Marco-1.png 1218w\" sizes=\"(max-width: 300px) 100vw, 300px\" \/><\/div>\n\t\t<\/a>\n\t\t\t\t<div class=\"elementor-post__text\">\n\t\t\t\t<h3 class=\"elementor-post__title\">\n\t\t\t<a href=\"https:\/\/mundosobremesas.pt\/fr\/alimentaria-2026-barcelona\/\" >\n\t\t\t\tMy Cake sera pr\u00e9sent \u00e0 Alimentaria 2026 \u00e0 Barcelone.\t\t\t<\/a>\n\t\t<\/h3>\n\t\t\t\t<\/div>\n\t\t\t\t<\/article>\n\t\t\t\t<article class=\"elementor-post elementor-grid-item post-1558 post type-post status-publish format-standard has-post-thumbnail hentry category-noticias\" role=\"listitem\">\n\t\t\t\t<a class=\"elementor-post__thumbnail__link\" href=\"https:\/\/mundosobremesas.pt\/fr\/hip-madrid-2026\/\" tabindex=\"-1\" >\n\t\t\t<div class=\"elementor-post__thumbnail\"><img decoding=\"async\" width=\"300\" height=\"169\" src=\"https:\/\/mundosobremesas.pt\/wp-content\/uploads\/2026\/02\/HIP-300x169.jpg\" class=\"attachment-medium size-medium wp-image-1559\" alt=\"\" srcset=\"https:\/\/mundosobremesas.pt\/wp-content\/uploads\/2026\/02\/HIP-300x169.jpg 300w, https:\/\/mundosobremesas.pt\/wp-content\/uploads\/2026\/02\/HIP-1024x576.jpg 1024w, https:\/\/mundosobremesas.pt\/wp-content\/uploads\/2026\/02\/HIP-768x432.jpg 768w, https:\/\/mundosobremesas.pt\/wp-content\/uploads\/2026\/02\/HIP-1536x864.jpg 1536w, https:\/\/mundosobremesas.pt\/wp-content\/uploads\/2026\/02\/HIP-18x10.jpg 18w, https:\/\/mundosobremesas.pt\/wp-content\/uploads\/2026\/02\/HIP.jpg 1919w\" sizes=\"(max-width: 300px) 100vw, 300px\" \/><\/div>\n\t\t<\/a>\n\t\t\t\t<div class=\"elementor-post__text\">\n\t\t\t\t<h3 class=\"elementor-post__title\">\n\t\t\t<a href=\"https:\/\/mundosobremesas.pt\/fr\/hip-madrid-2026\/\" >\n\t\t\t\tNext Level Unlocked: My Cake sera pr\u00e9sent \u00e0 HIP Madrid 2026.\t\t\t<\/a>\n\t\t<\/h3>\n\t\t\t\t<\/div>\n\t\t\t\t<\/article>\n\t\t\t\t<article class=\"elementor-post elementor-grid-item post-1311 post type-post status-publish format-standard has-post-thumbnail hentry category-noticias\" role=\"listitem\">\n\t\t\t\t<a class=\"elementor-post__thumbnail__link\" href=\"https:\/\/mundosobremesas.pt\/fr\/gastronomic-2025\/\" tabindex=\"-1\" >\n\t\t\t<div class=\"elementor-post__thumbnail\"><img loading=\"lazy\" decoding=\"async\" width=\"300\" height=\"62\" src=\"https:\/\/mundosobremesas.pt\/wp-content\/uploads\/2025\/10\/gastronomic2025-300x62.png\" class=\"attachment-medium size-medium wp-image-1322\" alt=\"\" srcset=\"https:\/\/mundosobremesas.pt\/wp-content\/uploads\/2025\/10\/gastronomic2025-300x62.png 300w, https:\/\/mundosobremesas.pt\/wp-content\/uploads\/2025\/10\/gastronomic2025-1024x211.png 1024w, https:\/\/mundosobremesas.pt\/wp-content\/uploads\/2025\/10\/gastronomic2025-768x158.png 768w, https:\/\/mundosobremesas.pt\/wp-content\/uploads\/2025\/10\/gastronomic2025-18x4.png 18w, https:\/\/mundosobremesas.pt\/wp-content\/uploads\/2025\/10\/gastronomic2025.png 1456w\" sizes=\"(max-width: 300px) 100vw, 300px\" \/><\/div>\n\t\t<\/a>\n\t\t\t\t<div class=\"elementor-post__text\">\n\t\t\t\t<h3 class=\"elementor-post__title\">\n\t\t\t<a href=\"https:\/\/mundosobremesas.pt\/fr\/gastronomic-2025\/\" >\n\t\t\t\tGastronomic 2025\t\t\t<\/a>\n\t\t<\/h3>\n\t\t\t\t<\/div>\n\t\t\t\t<\/article>\n\t\t\t\t<article class=\"elementor-post elementor-grid-item post-1208 post type-post status-publish format-standard has-post-thumbnail hentry category-noticias\" role=\"listitem\">\n\t\t\t\t<a class=\"elementor-post__thumbnail__link\" href=\"https:\/\/mundosobremesas.pt\/fr\/conxemar-2025\/\" tabindex=\"-1\" >\n\t\t\t<div class=\"elementor-post__thumbnail\"><img loading=\"lazy\" decoding=\"async\" width=\"300\" height=\"123\" src=\"https:\/\/mundosobremesas.pt\/wp-content\/uploads\/2025\/10\/image-300x123.png\" class=\"attachment-medium size-medium wp-image-1204\" alt=\"\" srcset=\"https:\/\/mundosobremesas.pt\/wp-content\/uploads\/2025\/10\/image-300x123.png 300w, https:\/\/mundosobremesas.pt\/wp-content\/uploads\/2025\/10\/image-18x7.png 18w, https:\/\/mundosobremesas.pt\/wp-content\/uploads\/2025\/10\/image.png 450w\" sizes=\"(max-width: 300px) 100vw, 300px\" \/><\/div>\n\t\t<\/a>\n\t\t\t\t<div class=\"elementor-post__text\">\n\t\t\t\t<h3 class=\"elementor-post__title\">\n\t\t\t<a href=\"https:\/\/mundosobremesas.pt\/fr\/conxemar-2025\/\" >\n\t\t\t\tConxemar 2025\t\t\t<\/a>\n\t\t<\/h3>\n\t\t\t\t<\/div>\n\t\t\t\t<\/article>\n\t\t\t\t<article class=\"elementor-post elementor-grid-item post-1184 post type-post status-publish format-standard has-post-thumbnail hentry category-noticias\" role=\"listitem\">\n\t\t\t\t<a class=\"elementor-post__thumbnail__link\" href=\"https:\/\/mundosobremesas.pt\/fr\/hip-2025\/\" tabindex=\"-1\" >\n\t\t\t<div class=\"elementor-post__thumbnail\"><img loading=\"lazy\" decoding=\"async\" width=\"225\" height=\"300\" src=\"https:\/\/mundosobremesas.pt\/wp-content\/uploads\/2025\/04\/Mundo-das-Sobremesas-expoe-na-HIP-Horeca-Prof-Expo-em-Madrid-10-12Mar25-2-225x300.jpg\" class=\"attachment-medium size-medium wp-image-1187\" alt=\"\" srcset=\"https:\/\/mundosobremesas.pt\/wp-content\/uploads\/2025\/04\/Mundo-das-Sobremesas-expoe-na-HIP-Horeca-Prof-Expo-em-Madrid-10-12Mar25-2-225x300.jpg 225w, https:\/\/mundosobremesas.pt\/wp-content\/uploads\/2025\/04\/Mundo-das-Sobremesas-expoe-na-HIP-Horeca-Prof-Expo-em-Madrid-10-12Mar25-2-768x1024.jpg 768w, https:\/\/mundosobremesas.pt\/wp-content\/uploads\/2025\/04\/Mundo-das-Sobremesas-expoe-na-HIP-Horeca-Prof-Expo-em-Madrid-10-12Mar25-2-1152x1536.jpg 1152w, https:\/\/mundosobremesas.pt\/wp-content\/uploads\/2025\/04\/Mundo-das-Sobremesas-expoe-na-HIP-Horeca-Prof-Expo-em-Madrid-10-12Mar25-2-9x12.jpg 9w, https:\/\/mundosobremesas.pt\/wp-content\/uploads\/2025\/04\/Mundo-das-Sobremesas-expoe-na-HIP-Horeca-Prof-Expo-em-Madrid-10-12Mar25-2.jpg 1200w\" sizes=\"(max-width: 225px) 100vw, 225px\" \/><\/div>\n\t\t<\/a>\n\t\t\t\t<div class=\"elementor-post__text\">\n\t\t\t\t<h3 class=\"elementor-post__title\">\n\t\t\t<a href=\"https:\/\/mundosobremesas.pt\/fr\/hip-2025\/\" >\n\t\t\t\tHIP &#8211; Horeca Professional Expo 2025\t\t\t<\/a>\n\t\t<\/h3>\n\t\t\t\t<\/div>\n\t\t\t\t<\/article>\n\t\t\t\t<article class=\"elementor-post elementor-grid-item post-644 post type-post status-publish format-standard has-post-thumbnail hentry category-noticias\" role=\"listitem\">\n\t\t\t\t<a class=\"elementor-post__thumbnail__link\" href=\"https:\/\/mundosobremesas.pt\/fr\/alimentaria-2024-barcelona\/\" tabindex=\"-1\" >\n\t\t\t<div class=\"elementor-post__thumbnail\"><img loading=\"lazy\" decoding=\"async\" width=\"240\" height=\"300\" src=\"https:\/\/mundosobremesas.pt\/wp-content\/uploads\/2024\/03\/433876962_923005753167171_7261762576387540838_n-240x300.jpg\" class=\"attachment-medium size-medium wp-image-649\" alt=\"\" srcset=\"https:\/\/mundosobremesas.pt\/wp-content\/uploads\/2024\/03\/433876962_923005753167171_7261762576387540838_n-240x300.jpg 240w, https:\/\/mundosobremesas.pt\/wp-content\/uploads\/2024\/03\/433876962_923005753167171_7261762576387540838_n-819x1024.jpg 819w, https:\/\/mundosobremesas.pt\/wp-content\/uploads\/2024\/03\/433876962_923005753167171_7261762576387540838_n-768x960.jpg 768w, https:\/\/mundosobremesas.pt\/wp-content\/uploads\/2024\/03\/433876962_923005753167171_7261762576387540838_n-10x12.jpg 10w, https:\/\/mundosobremesas.pt\/wp-content\/uploads\/2024\/03\/433876962_923005753167171_7261762576387540838_n.jpg 1200w\" sizes=\"(max-width: 240px) 100vw, 240px\" \/><\/div>\n\t\t<\/a>\n\t\t\t\t<div class=\"elementor-post__text\">\n\t\t\t\t<h3 class=\"elementor-post__title\">\n\t\t\t<a href=\"https:\/\/mundosobremesas.pt\/fr\/alimentaria-2024-barcelona\/\" >\n\t\t\t\tAlimentaria 2024 &#8211; Barcelona\t\t\t<\/a>\n\t\t<\/h3>\n\t\t\t\t<\/div>\n\t\t\t\t<\/article>\n\t\t\t\t<\/div>\n\t\t\n\t\t\t\t\t\t<\/div>\n\t\t\t\t<\/div>\n\t\t\t\t\t<\/div>\n\t\t\t\t<\/div>\n\t\t\t\t<\/div>","protected":false},"excerpt":{"rendered":"<p>Autres nouvelles<\/p>","protected":false},"author":1,"featured_media":0,"parent":0,"menu_order":0,"comment_status":"closed","ping_status":"closed","template":"","meta":{"_acf_changed":false,"footnotes":""},"class_list":["post-1096","page","type-page","status-publish","hentry"],"acf":[],"_links":{"self":[{"href":"https:\/\/mundosobremesas.pt\/fr\/wp-json\/wp\/v2\/pages\/1096","targetHints":{"allow":["GET"]}}],"collection":[{"href":"https:\/\/mundosobremesas.pt\/fr\/wp-json\/wp\/v2\/pages"}],"about":[{"href":"https:\/\/mundosobremesas.pt\/fr\/wp-json\/wp\/v2\/types\/page"}],"author":[{"embeddable":true,"href":"https:\/\/mundosobremesas.pt\/fr\/wp-json\/wp\/v2\/users\/1"}],"replies":[{"embeddable":true,"href":"https:\/\/mundosobremesas.pt\/fr\/wp-json\/wp\/v2\/comments?post=1096"}],"version-history":[{"count":17,"href":"https:\/\/mundosobremesas.pt\/fr\/wp-json\/wp\/v2\/pages\/1096\/revisions"}],"predecessor-version":[{"id":1127,"href":"https:\/\/mundosobremesas.pt\/fr\/wp-json\/wp\/v2\/pages\/1096\/revisions\/1127"}],"wp:attachment":[{"href":"https:\/\/mundosobremesas.pt\/fr\/wp-json\/wp\/v2\/media?parent=1096"}],"curies":[{"name":"wp","href":"https:\/\/api.w.org\/{rel}","templated":true}]}}