{"id":872,"date":"2024-08-25T22:14:12","date_gmt":"2024-08-25T22:14:12","guid":{"rendered":"https:\/\/mundosobremesas.iprod.pt\/qualidade-copy\/"},"modified":"2024-09-11T00:15:20","modified_gmt":"2024-09-11T00:15:20","slug":"politica-de-qualidade","status":"publish","type":"page","link":"https:\/\/mundosobremesas.pt\/es\/politica-de-qualidade\/","title":{"rendered":"Politica de Qualidade"},"content":{"rendered":"<div data-elementor-type=\"wp-page\" data-elementor-id=\"872\" class=\"elementor elementor-872\" data-elementor-post-type=\"page\">\n\t\t\t\t<div class=\"elementor-element elementor-element-9f29fe4 e-flex e-con-boxed e-con e-parent\" data-id=\"9f29fe4\" data-element_type=\"container\" data-e-type=\"container\">\n\t\t\t\t\t<div class=\"e-con-inner\">\n\t\t<div class=\"elementor-element elementor-element-64f3777 e-con-full e-flex e-con e-child\" data-id=\"64f3777\" data-element_type=\"container\" data-e-type=\"container\">\n\t\t\t\t<div class=\"elementor-element elementor-element-0fa515a elementor-widget elementor-widget-heading\" data-id=\"0fa515a\" data-element_type=\"widget\" data-e-type=\"widget\" data-widget_type=\"heading.default\">\n\t\t\t\t<div class=\"elementor-widget-container\">\n\t\t\t\t\t<h2 class=\"elementor-heading-title elementor-size-default\">Pol\u00edtica de Calidad y Seguridad Alimentaria<\/h2>\t\t\t\t<\/div>\n\t\t\t\t<\/div>\n\t\t\t\t<div class=\"elementor-element elementor-element-eacb7b0 elementor-widget elementor-widget-text-editor\" data-id=\"eacb7b0\" data-element_type=\"widget\" data-e-type=\"widget\" data-widget_type=\"text-editor.default\">\n\t\t\t\t<div class=\"elementor-widget-container\">\n\t\t\t\t\t\t\t\t\t<p class=\"translation-block\">Asumiendo el compromiso de\u00a0<strong>mejora continua<\/strong> y reconociendo que la Calidad y la Seguridad Alimentaria son un\u00a0<strong>pilar fundamental<\/strong>, la Pol\u00edtica de Calidad y Seguridad Alimentaria de O Mundo das Desserts consta de:<\/p><ul><li class=\"translation-block\"><strong>Clientes y otras partes interesadas<\/strong>: Garantizar la\u00a0<strong>satisfacci\u00f3n<\/strong>\u00a0y responder a los\u00a0<strong>requisitos y expectativas<\/strong>, creando una relaci\u00f3n de<\/li><li class=\"translation-block\"><strong>Cultura de Seguridad Alimentaria<\/strong>: Garantizar una\u00a0<strong>Cultura<\/strong> consolidada, con el objetivo de implicar a todos en la protecci\u00f3n de la salud de los consumidores<\/li><li class=\"translation-block\"><strong>Empleados<\/strong>: Establece un programa de\u00a0<strong>formaci\u00f3n continua<\/strong>\u00a0para tus empleados, que te permita consolidar las habilidades necesarias para desempe\u00f1ar tu funci\u00f3n.<\/li><li class=\"translation-block\"><strong>Proveedores<\/strong>: desarrollar y mantener una\u00a0<strong>relaci\u00f3n cercana<\/strong>, centr\u00e1ndose en la\u00a0<strong>confianza mutua<\/strong>.<\/li><\/ul>\t\t\t\t\t\t\t\t<\/div>\n\t\t\t\t<\/div>\n\t\t\t\t<\/div>\n\t\t\t\t\t<\/div>\n\t\t\t\t<\/div>\n\t\t<div class=\"elementor-element elementor-element-217ee41 e-flex e-con-boxed e-con e-parent\" data-id=\"217ee41\" data-element_type=\"container\" data-e-type=\"container\">\n\t\t\t\t\t<div class=\"e-con-inner\">\n\t\t<div class=\"elementor-element elementor-element-6772ab6 e-con-full e-flex e-con e-child\" data-id=\"6772ab6\" data-element_type=\"container\" data-e-type=\"container\">\n\t\t\t\t<div class=\"elementor-element elementor-element-02c9a69 elementor-widget elementor-widget-heading\" data-id=\"02c9a69\" data-element_type=\"widget\" data-e-type=\"widget\" data-widget_type=\"heading.default\">\n\t\t\t\t<div class=\"elementor-widget-container\">\n\t\t\t\t\t<h2 class=\"elementor-heading-title elementor-size-default\">Calidad<\/h2>\t\t\t\t<\/div>\n\t\t\t\t<\/div>\n\t\t\t\t<div class=\"elementor-element elementor-element-0fb0c0d elementor-widget elementor-widget-text-editor\" data-id=\"0fb0c0d\" data-element_type=\"widget\" data-e-type=\"widget\" data-widget_type=\"text-editor.default\">\n\t\t\t\t<div class=\"elementor-widget-container\">\n\t\t\t\t\t\t\t\t\t<p>La Calidad y Seguridad Alimentaria es la piedra angular de El Mundo de los Postres, reflejando nuestro compromiso inquebrantable de entregar productos excepcionales a nuestros clientes. Entendemos que mantener la confianza y satisfacci\u00f3n del consumidor requiere no solo sabores inigualables en nuestros pasteles, sino tambi\u00e9n su seguridad y cumplimiento con los est\u00e1ndares internacionales m\u00e1s altos.<\/p><p>En este contexto, estamos orgullosos de destacar nuestra Certificaci\u00f3n seg\u00fan la norma IFS Food, un reconocimiento prestigioso que demuestra nuestra dedicaci\u00f3n a la excelencia en todos los niveles de fabricaci\u00f3n. Esta certificaci\u00f3n no es solo evidencia de la calidad superior y seguridad de nuestros productos; tambi\u00e9n reafirma nuestra posici\u00f3n como una empresa l\u00edder en el sector de postres.<\/p><p>La obtenci\u00f3n de la Certificaci\u00f3n IFS Food refleja nuestro esfuerzo continuo por cumplir estrictamente con los requisitos legales y reglamentarios, asegurando la seguridad alimentaria desde la selecci\u00f3n de materias primas hasta el producto final en manos del consumidor. Este proceso integral garantiza que cada pastel que sale de nuestra f\u00e1brica no solo deleita el paladar sino que tambi\u00e9n cumple con los est\u00e1ndares m\u00e1s altos de calidad, legalidad, autenticidad y conformidad.<\/p><p>Nos comprometemos a mantener y superar las expectativas de nuestros clientes, invirtiendo constantemente en tecnolog\u00edas de producci\u00f3n avanzadas, formaci\u00f3n continua de nuestro personal e innovaci\u00f3n en los procesos de control de calidad. Esta certificaci\u00f3n es un hito importante en nuestro viaje, pero es solo el principio. Continuaremos elevando los est\u00e1ndares de la industria, reforzando nuestro compromiso con la excelencia y la satisfacci\u00f3n del cliente.<\/p><p>En El Mundo de los Postres, cada pastel es una obra de arte, creada con pasi\u00f3n, dedicaci\u00f3n y un compromiso riguroso con la calidad y seguridad. Agradecemos a nuestros clientes por su confianza en nuestra marca y reafirmamos nuestro compromiso de continuar ofreciendo productos excepcionales que no solo cumplen, sino que superan las expectativas en t\u00e9rminos de sabor, calidad y seguridad.<\/p>\t\t\t\t\t\t\t\t<\/div>\n\t\t\t\t<\/div>\n\t\t\t\t<div class=\"elementor-element elementor-element-ab530d4 elementor-widget elementor-widget-image\" data-id=\"ab530d4\" data-element_type=\"widget\" data-e-type=\"widget\" data-widget_type=\"image.default\">\n\t\t\t\t<div class=\"elementor-widget-container\">\n\t\t\t\t\t\t\t\t\t\t\t\t\t\t\t<img fetchpriority=\"high\" decoding=\"async\" width=\"579\" height=\"343\" src=\"https:\/\/mundosobremesas.pt\/wp-content\/uploads\/2024\/02\/IFS_Food_Box_coated_Cmyk.jpg\" class=\"attachment-large size-large wp-image-465\" alt=\"\" srcset=\"https:\/\/mundosobremesas.pt\/wp-content\/uploads\/2024\/02\/IFS_Food_Box_coated_Cmyk.jpg 579w, https:\/\/mundosobremesas.pt\/wp-content\/uploads\/2024\/02\/IFS_Food_Box_coated_Cmyk-300x178.jpg 300w\" sizes=\"(max-width: 579px) 100vw, 579px\" \/>\t\t\t\t\t\t\t\t\t\t\t\t\t\t\t<\/div>\n\t\t\t\t<\/div>\n\t\t\t\t<\/div>\n\t\t\t\t\t<\/div>\n\t\t\t\t<\/div>\n\t\t\t\t<\/div>","protected":false},"excerpt":{"rendered":"<p>Pol\u00edtica de Qualidade e Seguranca Alimentar Assumindo o compromisso com a\u00a0melhoria cont\u00ednua\u00a0e reconhecendo que a Qualidade e Seguran\u00e7a Alimentar s\u00e3o um\u00a0pilar fundamental, a Pol\u00edtica da Qualidade e da Seguran\u00e7a Alimentar d\u2019 O Mundo das Sobremesas consiste em: Clientes e outras Partes interessadas: Garantir a\u00a0satisfa\u00e7\u00e3o\u00a0e responder aos\u00a0requisitos e expectativas, criando uma rela\u00e7\u00e3o de Cultura de Seguran\u00e7a [&hellip;]<\/p>\n","protected":false},"author":1,"featured_media":0,"parent":0,"menu_order":0,"comment_status":"closed","ping_status":"closed","template":"","meta":{"_acf_changed":false,"footnotes":""},"class_list":["post-872","page","type-page","status-publish","hentry"],"acf":[],"_links":{"self":[{"href":"https:\/\/mundosobremesas.pt\/es\/wp-json\/wp\/v2\/pages\/872","targetHints":{"allow":["GET"]}}],"collection":[{"href":"https:\/\/mundosobremesas.pt\/es\/wp-json\/wp\/v2\/pages"}],"about":[{"href":"https:\/\/mundosobremesas.pt\/es\/wp-json\/wp\/v2\/types\/page"}],"author":[{"embeddable":true,"href":"https:\/\/mundosobremesas.pt\/es\/wp-json\/wp\/v2\/users\/1"}],"replies":[{"embeddable":true,"href":"https:\/\/mundosobremesas.pt\/es\/wp-json\/wp\/v2\/comments?post=872"}],"version-history":[{"count":7,"href":"https:\/\/mundosobremesas.pt\/es\/wp-json\/wp\/v2\/pages\/872\/revisions"}],"predecessor-version":[{"id":931,"href":"https:\/\/mundosobremesas.pt\/es\/wp-json\/wp\/v2\/pages\/872\/revisions\/931"}],"wp:attachment":[{"href":"https:\/\/mundosobremesas.pt\/es\/wp-json\/wp\/v2\/media?parent=872"}],"curies":[{"name":"wp","href":"https:\/\/api.w.org\/{rel}","templated":true}]}}