{"id":463,"date":"2024-02-26T05:07:22","date_gmt":"2024-02-26T05:07:22","guid":{"rendered":"https:\/\/mundosobremesas.iprod.pt\/?page_id=463"},"modified":"2024-08-25T22:18:13","modified_gmt":"2024-08-25T22:18:13","slug":"qualidade","status":"publish","type":"page","link":"https:\/\/mundosobremesas.pt\/es\/qualidade\/","title":{"rendered":"Calidad"},"content":{"rendered":"<div data-elementor-type=\"wp-page\" data-elementor-id=\"463\" class=\"elementor elementor-463\" data-elementor-post-type=\"page\">\n\t\t\t\t<div class=\"elementor-element elementor-element-2dd0d37 e-flex e-con-boxed e-con e-parent\" data-id=\"2dd0d37\" data-element_type=\"container\" data-e-type=\"container\">\n\t\t\t\t\t<div class=\"e-con-inner\">\n\t\t\t\t<div class=\"elementor-element elementor-element-92ceed6 elementor-widget elementor-widget-heading\" data-id=\"92ceed6\" data-element_type=\"widget\" data-e-type=\"widget\" data-widget_type=\"heading.default\">\n\t\t\t\t<div class=\"elementor-widget-container\">\n\t\t\t\t\t<h2 class=\"elementor-heading-title elementor-size-default\">Calidad<\/h2>\t\t\t\t<\/div>\n\t\t\t\t<\/div>\n\t\t\t\t<div class=\"elementor-element elementor-element-8b089f1 elementor-widget elementor-widget-text-editor\" data-id=\"8b089f1\" data-element_type=\"widget\" data-e-type=\"widget\" data-widget_type=\"text-editor.default\">\n\t\t\t\t<div class=\"elementor-widget-container\">\n\t\t\t\t\t\t\t\t\t<p>La Calidad y Seguridad Alimentaria es la piedra angular de El Mundo de los Postres, reflejando nuestro compromiso inquebrantable de entregar productos excepcionales a nuestros clientes. Entendemos que mantener la confianza y satisfacci\u00f3n del consumidor requiere no solo sabores inigualables en nuestros pasteles, sino tambi\u00e9n su seguridad y cumplimiento con los est\u00e1ndares internacionales m\u00e1s altos.<\/p><p>En este contexto, estamos orgullosos de destacar nuestra Certificaci\u00f3n seg\u00fan la norma IFS Food, un reconocimiento prestigioso que demuestra nuestra dedicaci\u00f3n a la excelencia en todos los niveles de fabricaci\u00f3n. Esta certificaci\u00f3n no es solo evidencia de la calidad superior y seguridad de nuestros productos; tambi\u00e9n reafirma nuestra posici\u00f3n como una empresa l\u00edder en el sector de postres.<\/p><p>La obtenci\u00f3n de la Certificaci\u00f3n IFS Food refleja nuestro esfuerzo continuo por cumplir estrictamente con los requisitos legales y reglamentarios, asegurando la seguridad alimentaria desde la selecci\u00f3n de materias primas hasta el producto final en manos del consumidor. Este proceso integral garantiza que cada pastel que sale de nuestra f\u00e1brica no solo deleita el paladar sino que tambi\u00e9n cumple con los est\u00e1ndares m\u00e1s altos de calidad, legalidad, autenticidad y conformidad.<\/p><p>Nos comprometemos a mantener y superar las expectativas de nuestros clientes, invirtiendo constantemente en tecnolog\u00edas de producci\u00f3n avanzadas, formaci\u00f3n continua de nuestro personal e innovaci\u00f3n en los procesos de control de calidad. Esta certificaci\u00f3n es un hito importante en nuestro viaje, pero es solo el principio. Continuaremos elevando los est\u00e1ndares de la industria, reforzando nuestro compromiso con la excelencia y la satisfacci\u00f3n del cliente.<\/p><p>En El Mundo de los Postres, cada pastel es una obra de arte, creada con pasi\u00f3n, dedicaci\u00f3n y un compromiso riguroso con la calidad y seguridad. Agradecemos a nuestros clientes por su confianza en nuestra marca y reafirmamos nuestro compromiso de continuar ofreciendo productos excepcionales que no solo cumplen, sino que superan las expectativas en t\u00e9rminos de sabor, calidad y seguridad.<\/p>\t\t\t\t\t\t\t\t<\/div>\n\t\t\t\t<\/div>\n\t\t\t\t<div class=\"elementor-element elementor-element-2ba0128 elementor-widget elementor-widget-image\" data-id=\"2ba0128\" data-element_type=\"widget\" data-e-type=\"widget\" data-widget_type=\"image.default\">\n\t\t\t\t<div class=\"elementor-widget-container\">\n\t\t\t\t\t\t\t\t\t\t\t\t\t\t\t<img fetchpriority=\"high\" decoding=\"async\" width=\"579\" height=\"343\" src=\"https:\/\/mundosobremesas.pt\/wp-content\/uploads\/2024\/02\/IFS_Food_Box_coated_Cmyk.jpg\" class=\"attachment-large size-large wp-image-465\" alt=\"\" srcset=\"https:\/\/mundosobremesas.pt\/wp-content\/uploads\/2024\/02\/IFS_Food_Box_coated_Cmyk.jpg 579w, https:\/\/mundosobremesas.pt\/wp-content\/uploads\/2024\/02\/IFS_Food_Box_coated_Cmyk-300x178.jpg 300w\" sizes=\"(max-width: 579px) 100vw, 579px\" \/>\t\t\t\t\t\t\t\t\t\t\t\t\t\t\t<\/div>\n\t\t\t\t<\/div>\n\t\t\t\t\t<\/div>\n\t\t\t\t<\/div>\n\t\t\t\t<\/div>","protected":false},"excerpt":{"rendered":"<p>Qualidade A Qualidade e Seguran\u00e7a Alimentar representa um dos alicerces fundamentais de O Mundo das Sobremesas, refletindo o nosso compromisso inabal\u00e1vel em oferecer produtos excepcionais aos nossos clientes. Entendemos que, para manter a confian\u00e7a e a satisfa\u00e7\u00e3o dos consumidores, \u00e9 essencial garantir n\u00e3o apenas o sabor incompar\u00e1vel dos nossos bolos, mas tamb\u00e9m a sua seguran\u00e7a [&hellip;]<\/p>\n","protected":false},"author":1,"featured_media":0,"parent":0,"menu_order":0,"comment_status":"closed","ping_status":"closed","template":"","meta":{"_acf_changed":false,"footnotes":""},"class_list":["post-463","page","type-page","status-publish","hentry"],"acf":[],"_links":{"self":[{"href":"https:\/\/mundosobremesas.pt\/es\/wp-json\/wp\/v2\/pages\/463","targetHints":{"allow":["GET"]}}],"collection":[{"href":"https:\/\/mundosobremesas.pt\/es\/wp-json\/wp\/v2\/pages"}],"about":[{"href":"https:\/\/mundosobremesas.pt\/es\/wp-json\/wp\/v2\/types\/page"}],"author":[{"embeddable":true,"href":"https:\/\/mundosobremesas.pt\/es\/wp-json\/wp\/v2\/users\/1"}],"replies":[{"embeddable":true,"href":"https:\/\/mundosobremesas.pt\/es\/wp-json\/wp\/v2\/comments?post=463"}],"version-history":[{"count":19,"href":"https:\/\/mundosobremesas.pt\/es\/wp-json\/wp\/v2\/pages\/463\/revisions"}],"predecessor-version":[{"id":889,"href":"https:\/\/mundosobremesas.pt\/es\/wp-json\/wp\/v2\/pages\/463\/revisions\/889"}],"wp:attachment":[{"href":"https:\/\/mundosobremesas.pt\/es\/wp-json\/wp\/v2\/media?parent=463"}],"curies":[{"name":"wp","href":"https:\/\/api.w.org\/{rel}","templated":true}]}}