{"id":3,"date":"2024-02-13T21:42:12","date_gmt":"2024-02-13T21:42:12","guid":{"rendered":"https:\/\/mundosobremesas.iprod.pt\/?page_id=3"},"modified":"2024-02-26T05:44:18","modified_gmt":"2024-02-26T05:44:18","slug":"politica-privacidade","status":"publish","type":"page","link":"https:\/\/mundosobremesas.pt\/es\/politica-privacidade\/","title":{"rendered":"Pol\u00edtica de Privacidad"},"content":{"rendered":"<div data-elementor-type=\"wp-page\" data-elementor-id=\"3\" class=\"elementor elementor-3\" data-elementor-post-type=\"page\">\n\t\t\t\t<div class=\"elementor-element elementor-element-2f623b81 e-flex e-con-boxed e-con e-parent\" data-id=\"2f623b81\" data-element_type=\"container\" data-e-type=\"container\">\n\t\t\t\t\t<div class=\"e-con-inner\">\n\t\t\t\t<div class=\"elementor-element elementor-element-19253361 elementor-widget elementor-widget-text-editor\" data-id=\"19253361\" data-element_type=\"widget\" data-e-type=\"widget\" data-widget_type=\"text-editor.default\">\n\t\t\t\t<div class=\"elementor-widget-container\">\n\t\t\t\t\t\t\t\t\t<p><\/p>\n<p><strong>Pol\u00edtica de Privacidad y Datos Personales:<\/strong><\/p>\n<p><\/p>\n<p><\/p>\n<p>O Mundo das Sobremesas \u2013 Ind\u00fastria Alimentar, Lda. (en adelante identificada como Mundo das Sobremesas o empresa) basa su actuaci\u00f3n en el respeto, la seguridad, la licitud, la confidencialidad y el rigor en la aplicaci\u00f3n de las medidas necesarias para proteger los datos personales, de acuerdo con los principios aplicables al mismo, concretamente los definidos en el Reglamento General de Protecci\u00f3n de Datos (RGPD), aprobado por el Reglamento (UE) n\u00ba 2016\/679, de 27 de abril de 2016, en su redacci\u00f3n actual y dem\u00e1s legislaci\u00f3n.<\/p>\n<p><\/p>\n<p><\/p>\n<p>La Pol\u00edtica de Privacidad tiene como objetivo aclarar c\u00f3mo O Mundo das Sobremesas \u2013 Ind\u00fastria Alimentar, Lda. recopila, utiliza, comparte y protege los datos personales de nuestros clientes y usuarios, particularmente cuando utilizan los servicios o visitan el sitio web, (http:\/\/ www .mundosobremesas.pt), que aunque no implica registro, utiliza determinados contenidos que pueden implicar el suministro de datos personales por parte de clientes y usuarios.<\/p>\n<p><\/p>\n<p><\/p>\n<p>Mundo das Sobremesas \u2013 Ind\u00fastria Alimentar, Lda., en adelante identificada como Mundo das Sobremesas, podr\u00e1 en cualquier momento, sin previo aviso y con efecto inmediato, modificar, agregar o revocar, parcial o totalmente, esta Pol\u00edtica de Privacidad. Cualquier cambio estar\u00e1 disponible inmediatamente en esta p\u00e1gina, por lo que se recomienda visitarla peri\u00f3dicamente.<\/p>\n<p><\/p>\n<p><\/p>\n<p><strong>1 \u2013 DATOS PERSONALES<\/strong><\/p>\n<p><\/p>\n<p><\/p>\n<p>Datos personales es cualquier informaci\u00f3n, de cualquier naturaleza y en cualquier medio, relacionada con una persona f\u00edsica directa o indirectamente identificada o identificable (titular de los datos).<\/p>\n<p><\/p>\n<p><\/p>\n<p>Los titulares de los datos personales son cualquier Cliente, usuario, candidato, persona f\u00edsica, a quien se refieren los datos y que ha utilizado los servicios o productos de Mundo das Sobremesas.<\/p>\n<p><\/p>\n<p><\/p>\n<p><strong>2 \u2013 PROCESSING OF PERSONAL DATA<\/strong><\/p>\n<p><\/p>\n<p><\/p>\n<ol class=\"wp-block-list\">\n<li style=\"list-style-type: none;\">\n<ol><\/ol>\n<\/li>\n<\/ol>\n<ol>\n<li style=\"list-style-type: none;\">\n<ol>\n<li>A) RESPONSABLE DEL TRATAMIENTO DE SUS DATOS PERSONALES<\/li>\n<\/ol>\n<\/li>\n<\/ol>\n<p><\/p>\n<p><\/p>\n<p><\/p>\n<p>O Mundo das Sobremesas \u2013 Ind\u00fastria Alimentar, Lda. con sede en Rua da Ind\u00fastria, 30, 4480-146 Rio Mau, tel\u00e9fono 252 657 083, es el responsable de la recogida y tratamiento de sus datos personales.<\/p>\n<p><\/p>\n<p><\/p>\n<p>Se puede contactar con el Delegado de Protecci\u00f3n de Datos (DPO) a trav\u00e9s del correo electr\u00f3nico rgpd@mundosobremesas.pt, o a trav\u00e9s de los medios disponibles en el sitio web.<\/p>\n<p><\/p>\n<p><\/p>\n<p>Mundo das Desserts no asume ninguna responsabilidad cuando, por causas ajenas o desconocidas, se produzca error, da\u00f1o, difusi\u00f3n o acceso no autorizado como consecuencia de la transmisi\u00f3n electr\u00f3nica de datos que pueda producirse entre la empresa y el Titular.<\/p>\n<p><\/p>\n<p><\/p>\n<p><strong>3 \u2013 BASE DEL TRATAMIENTO DE DATOS<\/strong><\/p>\n<p><\/p>\n<p><\/p>\n<ol class=\"wp-block-list\">\n<li style=\"list-style-type: none;\">\n<ol><\/ol>\n<\/li>\n<\/ol>\n<ol>\n<li style=\"list-style-type: none;\">\n<ol>\n<li>A) \u2013 COLLECTE DE DONN\u00c9ES PERSONNELLES<\/li>\n<\/ol>\n<\/li>\n<\/ol>\n<p><\/p>\n<p><\/p>\n<p><\/p>\n<p>Mundo das Sobremesas s\u00f3lo recoge y trata datos personales con consentimiento expreso, de acuerdo con cada una de las finalidades espec\u00edficas del tratamiento de que se trate, en los t\u00e9rminos establecidos en el Reglamento General de Protecci\u00f3n de Datos, y la recogida de datos podr\u00e1 realizarse de forma oral, escrita o a trav\u00e9s de los medios de comunicaci\u00f3n electr\u00f3nicos y online de la empresa.<\/p>\n<p><\/p>\n<p><\/p>\n<p>El consentimiento prestado podr\u00e1 ser retirado por \u00e9ste (especificar el interesado) en cualquier momento.<\/p>\n<p><\/p>\n<p><\/p>\n<p>Si los datos personales, considerados esenciales para la finalidad aplicable, no fueran proporcionados por los clientes o usuarios, o resultaran insuficientes, incorrectos o desactualizados, Mundo das Sobremesas no podr\u00e1 prestar el(los) servicio(s) contratado(s), asumiendo que los clientes o los usuarios, total y exclusiva responsabilidad por la insuficiencia o inexactitud de los datos transmitidos.<\/p>\n<p><\/p>\n<p><\/p>\n<p>Mundo das Desserts recoge tus datos personales a trav\u00e9s de los siguientes medios:<\/p>\n<p><\/p>\n<p><\/p>\n<ul class=\"wp-block-list\">\n<li style=\"list-style-type: none;\">\n<ul><\/ul>\n<\/li>\n<\/ul>\n<ul>\n<li style=\"list-style-type: none;\">\n<ul>\n<li>Completar formularios de contacto en l\u00ednea para solicitar informaci\u00f3n\/cotizaciones;<\/li>\n<\/ul>\n<\/li>\n<\/ul>\n<p><\/p>\n<p><\/p>\n<ul>\n<li style=\"list-style-type: none;\">\n<ul>\n<li>Contactos por correo electr\u00f3nico, tel\u00e9fono.<\/li>\n<\/ul>\n<\/li>\n<\/ul>\n<p><\/p>\n<p><\/p>\n<ul>\n<li style=\"list-style-type: none;\">\n<ul>\n<li>Presentaci\u00f3n de solicitudes por cualquier medio.<\/li>\n<\/ul>\n<\/li>\n<\/ul>\n<p><\/p>\n<p><\/p>\n<p><\/p>\n<p>Al poner sus datos personales a disposici\u00f3n de Mundo das Sobremesas \u2013 Ind\u00fastria Alimentar, Lda., el cliente, usuario, reconoce y consiente su procesamiento de acuerdo con esta Pol\u00edtica de Privacidad y las reglas y principios contenidos en los respectivos t\u00e9rminos y condiciones de los servicios utilizados. . En este sentido, y respecto del tratamiento de datos personales, el usuario debe leer la presente Pol\u00edtica de Privacidad y Cookies.<\/p>\n<p><\/p>\n<p><\/p>\n<ol class=\"wp-block-list\">\n<li style=\"list-style-type: none;\">\n<ol><\/ol>\n<\/li>\n<\/ol>\n<ol>\n<li style=\"list-style-type: none;\">\n<ol>\n<li>B) FINALIDADES DEL TRATAMIENTO DE DATOS PERSONALES<\/li>\n<\/ol>\n<\/li>\n<\/ol>\n<p><\/p>\n<p><\/p>\n<p><\/p>\n<ul class=\"wp-block-list\">\n<li style=\"list-style-type: none;\">\n<ul><\/ul>\n<\/li>\n<\/ul>\n<ul>\n<li style=\"list-style-type: none;\">\n<ul>\n<li>Marketing et ventes<\/li>\n<\/ul>\n<\/li>\n<\/ul>\n<p><\/p>\n<p><\/p>\n<ul>\n<li style=\"list-style-type: none;\">\n<ul>\n<li>Gesti\u00f3n de clientes y prestaci\u00f3n de servicios.<\/li>\n<\/ul>\n<\/li>\n<\/ul>\n<p><\/p>\n<p><\/p>\n<ul>\n<li style=\"list-style-type: none;\">\n<ul>\n<li>Gestion Comptable, Fiscale et Administrative<\/li>\n<\/ul>\n<\/li>\n<\/ul>\n<p><\/p>\n<p><\/p>\n<ul>\n<li style=\"list-style-type: none;\">\n<ul>\n<li>Cumplimiento de obligaciones legales<\/li>\n<\/ul>\n<\/li>\n<\/ul>\n<p><\/p>\n<p><\/p>\n<ul>\n<li style=\"list-style-type: none;\">\n<ul>\n<li>Elaboraci\u00f3n de perfiles basada en el historial de interacci\u00f3n con el cliente<\/li>\n<\/ul>\n<\/li>\n<\/ul>\n<p><\/p>\n<p><\/p>\n<ul>\n<li style=\"list-style-type: none;\">\n<ul>\n<li>Adaptaci\u00f3n de la experiencia de navegaci\u00f3n en el Sitio Web.<\/li>\n<\/ul>\n<\/li>\n<\/ul>\n<p><\/p>\n<p><\/p>\n<p><\/p>\n<p>El tratamiento de datos personales es necesario para la celebraci\u00f3n, ejecuci\u00f3n y gesti\u00f3n del contrato, preparaci\u00f3n de una propuesta de servicio, para la gesti\u00f3n de contactos, informaci\u00f3n y pedidos, para la gesti\u00f3n de facturaci\u00f3n, cobro y pago, y puede ser necesario para cumplir una obligaci\u00f3n legal a la que est\u00e1 sujeta la empresa.<\/p>\n<p><\/p>\n<p><\/p>\n<ol class=\"wp-block-list\">\n<li style=\"list-style-type: none;\">\n<ol><\/ol>\n<\/li>\n<\/ol>\n<ol>\n<li style=\"list-style-type: none;\">\n<ol>\n<li>C) CONSENT<\/li>\n<\/ol>\n<\/li>\n<\/ol>\n<p><\/p>\n<p><\/p>\n<p><\/p>\n<p>Seg\u00fan el Reglamento General de Protecci\u00f3n de Datos, el tratamiento de cualquier dato personal debe estar legitimado sobre una base que depender\u00e1 siempre de su consentimiento.<\/p>\n<p><\/p>\n<p><\/p>\n<p>El cliente, usuario, autoriza expresamente, libre y conscientemente, a la empresa Mundo das Sobremesas \u2013 Ind\u00fastria Alimentar, Lda. a recoger y tratar sus datos personales para las finalidades descritas.<\/p>\n<p><\/p>\n<p><\/p>\n<ol class=\"wp-block-list\">\n<li style=\"list-style-type: none;\">\n<ol><\/ol>\n<\/li>\n<\/ol>\n<ol>\n<li style=\"list-style-type: none;\">\n<ol>\n<li>D) TIPO DE DATOS PERSONALES RECOPILADOS<\/li>\n<\/ol>\n<\/li>\n<\/ol>\n<p><\/p>\n<p><\/p>\n<p><\/p>\n<p>Los datos personales recopilados se limitan a los estrictamente necesarios para el fin del procesamiento, pero se pueden recopilar otros datos necesarios para el suministro de productos, datos financieros y datos relacionados con la relaci\u00f3n comercial; Correspondencia comercial; historial de contactos con servicios de soporte\/soporte t\u00e9cnico.<\/p>\n<p><\/p>\n<p><\/p>\n<ol class=\"wp-block-list\">\n<li style=\"list-style-type: none;\">\n<ol><\/ol>\n<\/li>\n<\/ol>\n<ol>\n<li style=\"list-style-type: none;\">\n<ol>\n<li>E) ACCESO E INTERCAMBIO O TRANSFERENCIA DE DATOS PERSONALES<\/li>\n<\/ol>\n<\/li>\n<\/ol>\n<p><\/p>\n<p><\/p>\n<p><\/p>\n<p>Los datos personales recabados estar\u00e1n plenamente garantizados con niveles de confidencialidad, seguridad y protecci\u00f3n.<\/p>\n<p><\/p>\n<p><\/p>\n<p>Los datos personales podr\u00e1n ser accedidos por los departamentos correspondientes a la finalidad para la que se estableci\u00f3 el contacto.<\/p>\n<p><\/p>\n<p><\/p>\n<p>Mundo das Desserts podr\u00e1 transmitir sus datos personales a autoridades p\u00fablicas seg\u00fan lo exija la ley y s\u00f3lo en la medida m\u00e1s estricta de sus obligaciones; o s\u00f3lo cuando resulte necesario para la celebraci\u00f3n de contratos de intermediaci\u00f3n y prestaci\u00f3n de servicios. En el caso de subcontrataci\u00f3n con terceros para la realizaci\u00f3n de las finalidades antes mencionadas, estas entidades est\u00e1n obligadas a guardar secreto y garantizar la seguridad y confidencialidad de los datos personales a los que, a tal efecto, tengan acceso, no pudiendo utilizar dichos datos para cualesquiera otras finalidades, o para beneficio propio, ni relacionarlos con otros datos de los que posea.<\/p>\n<p><\/p>\n<p><\/p>\n<ol class=\"wp-block-list\">\n<li style=\"list-style-type: none;\">\n<ol><\/ol>\n<\/li>\n<\/ol>\n<ol>\n<li style=\"list-style-type: none;\">\n<ol>\n<li>F) ACC\u00c8S AUX LIENS (LIENS EXTERNES)<\/li>\n<\/ol>\n<\/li>\n<\/ol>\n<p><\/p>\n<p><\/p>\n<p><\/p>\n<p>The website may contain links to other websites and email addresses of companies not belonging to Mundo das Sobremesas. This privacy policy does not apply to these websites and email addresses. The provision of such links is made in good faith, and O Mundo das Sobremesas \u2013 Ind\u00fastria Alimentar, Lda. cannot be held responsible for the collection and processing of personal data carried out on these websites, nor be held responsible for the accuracy, credibility and functionality of websites belonging to the 3rd.<\/p>\n<p><\/p>\n<p><\/p>\n<ol class=\"wp-block-list\">\n<li style=\"list-style-type: none;\">\n<ol><\/ol>\n<\/li>\n<\/ol>\n<ol>\n<li style=\"list-style-type: none;\">\n<ol>\n<li>G) MEDIDAS DE SEGURIDAD IMPLEMENTADAS<\/li>\n<\/ol>\n<\/li>\n<\/ol>\n<p><\/p>\n<p><\/p>\n<p><\/p>\n<p>Mundo das Desserts orienta la seguridad del procesamiento de datos con medidas para implementar controles en la transmisi\u00f3n de informaci\u00f3n v\u00eda computadora; existencia de perfiles de acceso restringido a los datos, en funci\u00f3n de un criterio de necesidad, y respectivo control de consultas; Instalaci\u00f3n de Firewalls para evitar accesos no autorizados.<\/p>\n<p><\/p>\n<p><\/p>\n<p><strong>4- PLAZOS DE TRATAMIENTO Y ALMACENAMIENTO DE DATOS PERSONALES<\/strong><\/p>\n<p><\/p>\n<p><\/p>\n<p>En el caso de tratamientos basados \u200b\u200ben el consentimiento, los datos ser\u00e1n suprimidos tan pronto como el cliente, usuario, candidato retire el consentimiento o ejerza el derecho de supresi\u00f3n.<\/p>\n<p><\/p>\n<p><\/p>\n<p>Mundo das Desserts trata y conserva tus datos personales durante el tiempo necesario para cumplir con las finalidades que motivaron su recogida y conservaci\u00f3n y siempre de conformidad con la legislaci\u00f3n vigente.<\/p>\n<p><\/p>\n<p><\/p>\n<p>Por lo tanto, O Mundo das Sobremesas procesa y mantiene los datos personales por un per\u00edodo de dos a\u00f1os, o, en el caso de mantener una relaci\u00f3n contractual por per\u00edodos m\u00e1s largos, mientras permanezca vigente o por los per\u00edodos necesarios para garantizar los derechos o deberes relacionados con el contrato, o porque tiene intereses leg\u00edtimos que lo respaldan, pero siempre por el per\u00edodo estrictamente necesario para lograr los fines respectivos y de conformidad con los lineamientos y decisiones de la CNPD.<\/p>\n<p><\/p>\n<p><\/p>\n<p>Respecto a los Datos Personales de los Candidatos, se conservan durante dos a\u00f1os, transcurrido el cual se cancelar\u00e1 la inscripci\u00f3n y se suprimir\u00e1n los datos, salvo que se ejerza el derecho de supresi\u00f3n.<\/p>\n<p><\/p>\n<p><\/p>\n<p><strong>5 \u2013 DERECHOS DE PROTECCI\u00d3N DE DATOS<\/strong><\/p>\n<p><\/p>\n<p><\/p>\n<p class=\"translation-block\"><strong>Derecho de acceso<\/strong>- Derecho a obtener confirmaci\u00f3n de qu\u00e9 datos personales est\u00e1n siendo tratados e informaci\u00f3n sobre los mismos, como las finalidades del tratamiento, plazos de conservaci\u00f3n, entre otros.<\/p>\n<p><\/p>\n<p><\/p>\n<p class=\"translation-block\"><strong>Derecho de rectificaci\u00f3n<\/strong>\u2013 Derecho a solicitar la rectificaci\u00f3n de sus datos personales que sean inexactos o a solicitar que se completen los datos personales que sean incompletos (como direcci\u00f3n, NIF, correo electr\u00f3nico, contactos telef\u00f3nicos, entre otros)<\/p>\n<p><\/p>\n<p><\/p>\n<p class=\"translation-block\"><strong>Direito ao apagamento ou ser \u201cesquecido\u201d\u00a0<\/strong>\u2013 Direito de obter o apagamento dos seus dados pessoais, nos casos em que tal seja legalmente poss\u00edvel e desde que n\u00e3o se verifiquem fundamentos v\u00e1lidos para a sua conserva\u00e7\u00e3o, como por exemplo os casos em que se tem de conservar os dados para cumprir uma obriga\u00e7\u00e3o legal.<\/p>\n<p><\/p>\n<p><\/p>\n<p class=\"translation-block\"><strong>Derecho a la portabilidad<\/strong>\u2013 Derecho a recibir los datos que nos has facilitado en un formato digital de uso com\u00fan y legible por m\u00e1quina o a solicitar la transmisi\u00f3n directa de tus datos a otra entidad que pase a ser el nuevo responsable de tus datos datos personales<\/p>\n<p><\/p>\n<p><\/p>\n<p class=\"translation-block\"><strong>Derecho de oposici\u00f3n y decisiones individuales automatizadas<\/strong>\u2013 Derecho a oponerse o retirar su consentimiento, en cualquier momento, al tratamiento de datos, en los casos en que sea legalmente posible (como en el caso del tratamiento de datos con fines de marketing). fines).<\/p>\n<p><\/p>\n<p><\/p>\n<p class=\"translation-block\"><strong>Derecho de limitaci\u00f3n<\/strong>\u2013 Derecho a solicitar la limitaci\u00f3n del tratamiento de sus datos personales, en los casos en que sea legalmente posible, en la forma de:<\/p>\n<p><\/p>\n<p><\/p>\n<ul class=\"wp-block-list\">\n<li style=\"list-style-type: none;\">\n<ul><\/ul>\n<\/li>\n<\/ul>\n<ul>\n<li style=\"list-style-type: none;\">\n<ul>\n<li>Suspensi\u00f3n del tratamiento<\/li>\n<\/ul>\n<\/li>\n<\/ul>\n<p><\/p>\n<p><\/p>\n<ul>\n<li style=\"list-style-type: none;\">\n<ul>\n<li>Limitaci\u00f3n del alcance del procesamiento a determinadas categor\u00edas de datos o fines de Procesamiento.<\/li>\n<\/ul>\n<\/li>\n<\/ul>\n<p><\/p>\n<p><\/p>\n<p><\/p>\n<p class=\"translation-block\"><strong>Derecho a reclamar<\/strong> \u2013 Derecho a presentar una reclamaci\u00f3n ante la autoridad de control, la CNPD.<\/p>\n<p><\/p>\n<p><\/p>\n<p>El ejercicio de cualquiera de los derechos legalmente conferidos, por el respectivo titular, deber\u00e1 realizarse mediante carta, o mensaje de correo electr\u00f3nico, indicando expresamente qu\u00e9 derecho se propone ejercitar y en qu\u00e9 t\u00e9rminos, firmada por \u00e9l y acompa\u00f1ada de fotocopia de un documento de identidad con la firma del titular que ejerce su derecho, a trav\u00e9s de los siguientes medios:<\/p>\n<p><\/p>\n<p><\/p>\n<p>Entidad: O Mundo das Sobremesas \u2013 Ind\u00fastria Alimentar, Lda.<\/p>\n<p><\/p>\n<p><\/p>\n<p>Direcci\u00f3n: Rua da Ind\u00fastria, 30 4480-146 R\u00edo Mau<\/p>\n<p><\/p>\n<p><\/p>\n<p>Correo electr\u00f3nico: rgpd@mundosobremesas.pt<\/p>\n<p><\/p>\n<p><\/p>\n<p>El titular de los datos personales tambi\u00e9n podr\u00e1 retirar su consentimiento en cualquier momento, cuando corresponda, a trav\u00e9s de los canales habilitados al efecto. Sin embargo, la retirada del consentimiento no compromete la licitud del tratamiento realizado sobre la base del consentimiento previamente prestado ni el tratamiento posterior de los mismos datos, sobre la base de otra base jur\u00eddica, como el cumplimiento del contrato o la obligaci\u00f3n legal a la que O Mundo das Postres \u2013 Ind\u00fastria Alimentar, Lda. est\u00e1n sujetos.<\/p>\n<p><\/p>\n<p><\/p>\n<p>Para cualquier consulta sobre la recopilaci\u00f3n y el procesamiento de datos por parte de O Mundo das Sobremesas \u2013 Ind\u00fastria Alimentar, Lda., el respectivo propietario puede contactarlo por correo electr\u00f3nico a rgpd@mundosobremesas.pt.<\/p>\n<p><\/p>\n<p><\/p>\n<p>De ser necesario, el titular tambi\u00e9n podr\u00e1 presentar una queja ante la Comisi\u00f3n Nacional de Protecci\u00f3n de Datos (CNPD).<\/p>\n<p><\/p>\t\t\t\t\t\t\t\t<\/div>\n\t\t\t\t<\/div>\n\t\t\t\t\t<\/div>\n\t\t\t\t<\/div>\n\t\t\t\t<\/div>","protected":false},"excerpt":{"rendered":"<p>Pol\u00edtica de Privacidade e Dados Pessoais: O Mundo das Sobremesas \u2013 Ind\u00fastria Alimentar, Lda.\u00a0 (doravante identificada como Mundo das Sobremesas ou empresa) pauta a sua atua\u00e7\u00e3o pelo respeito, seguran\u00e7a, licitude, confidencialidade e rigor na aplica\u00e7\u00e3o de medidas necess\u00e1rias \u00e0 prote\u00e7\u00e3o dos dados pessoais, em conformidade com os princ\u00edpios legais que lhe sejam aplic\u00e1veis, nomeadamente os [&hellip;]<\/p>\n","protected":false},"author":1,"featured_media":0,"parent":0,"menu_order":0,"comment_status":"closed","ping_status":"open","template":"","meta":{"_acf_changed":false,"footnotes":""},"class_list":["post-3","page","type-page","status-publish","hentry"],"acf":[],"_links":{"self":[{"href":"https:\/\/mundosobremesas.pt\/es\/wp-json\/wp\/v2\/pages\/3","targetHints":{"allow":["GET"]}}],"collection":[{"href":"https:\/\/mundosobremesas.pt\/es\/wp-json\/wp\/v2\/pages"}],"about":[{"href":"https:\/\/mundosobremesas.pt\/es\/wp-json\/wp\/v2\/types\/page"}],"author":[{"embeddable":true,"href":"https:\/\/mundosobremesas.pt\/es\/wp-json\/wp\/v2\/users\/1"}],"replies":[{"embeddable":true,"href":"https:\/\/mundosobremesas.pt\/es\/wp-json\/wp\/v2\/comments?post=3"}],"version-history":[{"count":13,"href":"https:\/\/mundosobremesas.pt\/es\/wp-json\/wp\/v2\/pages\/3\/revisions"}],"predecessor-version":[{"id":485,"href":"https:\/\/mundosobremesas.pt\/es\/wp-json\/wp\/v2\/pages\/3\/revisions\/485"}],"wp:attachment":[{"href":"https:\/\/mundosobremesas.pt\/es\/wp-json\/wp\/v2\/media?parent=3"}],"curies":[{"name":"wp","href":"https:\/\/api.w.org\/{rel}","templated":true}]}}