{"id":161,"date":"2024-02-14T19:15:28","date_gmt":"2024-02-14T19:15:28","guid":{"rendered":"https:\/\/mundosobremesas.iprod.pt\/?page_id=161"},"modified":"2024-02-26T05:49:08","modified_gmt":"2024-02-26T05:49:08","slug":"politica-de-cookkies","status":"publish","type":"page","link":"https:\/\/mundosobremesas.pt\/es\/politica-de-cookkies\/","title":{"rendered":"Pol\u00edtica de Cookies"},"content":{"rendered":"<div data-elementor-type=\"wp-page\" data-elementor-id=\"161\" class=\"elementor elementor-161\" data-elementor-post-type=\"page\">\n\t\t\t\t<div class=\"elementor-element elementor-element-191007a e-flex e-con-boxed e-con e-parent\" data-id=\"191007a\" data-element_type=\"container\" data-e-type=\"container\">\n\t\t\t\t\t<div class=\"e-con-inner\">\n\t\t\t\t<div class=\"elementor-element elementor-element-883d4db elementor-widget elementor-widget-text-editor\" data-id=\"883d4db\" data-element_type=\"widget\" data-e-type=\"widget\" data-widget_type=\"text-editor.default\">\n\t\t\t\t<div class=\"elementor-widget-container\">\n\t\t\t\t\t\t\t\t\t<p><strong>Pol\u00edtica de Cookies<\/strong><\/p><p>O Mundo das Sobremesas \u2013 Ind\u00fastria Alimentar, Lda. utiliza cookies en su sitio web para mejorar el rendimiento y la experiencia del usuario a trav\u00e9s de un servicio personalizado y eficiente.<\/p><p>Las cookies son archivos de texto reducidos que contienen cantidades reducidas de informaci\u00f3n, relacionada con las preferencias de nuestros usuarios, descargadas a las computadoras u otros dispositivos de nuestros usuarios a trav\u00e9s de un servidor. Las cookies permiten que el Sitio Web reconozca el dispositivo la pr\u00f3xima vez que se visite, permitiendo as\u00ed una navegaci\u00f3n m\u00e1s r\u00e1pida y eficiente y eliminando la necesidad de introducir repetidamente la misma informaci\u00f3n.<\/p><p class=\"translation-block\">Posteriormente, su navegador de Internet env\u00eda, en cada visita posterior, estas cookies al sitio web, lo que permite reconocer y memorizar la identidad de nuestros visitantes, es decir, las preferencias de uso de nuestros usuarios. Puede encontrar\u00a0<a href=\"http:\/\/www.aboutcookies.org\/\" target=\"_self\">aqu\u00ed<\/a>\u00a0informaci\u00f3n m\u00e1s detallada sobre las cookies y c\u00f3mo funcionan.<\/p><p class=\"translation-block\">La navegaci\u00f3n por este Sitio Web permite la recopilaci\u00f3n de informaci\u00f3n mediante cookies y otras tecnolog\u00edas. Al utilizar este sitio web usted acepta el uso de cookies tal y como se describe en este Aviso de Cookies.<br>Las cookies utilizadas observan los principios de anonimato y confidencialidad y tienen como \u00fanica finalidad reconocer al usuario, y no se utilizan en ning\u00fan caso para recopilar informaci\u00f3n o con fines de marketing directo.<\/p><p>\u00bfQU\u00c9 TIPOS DE COOKIES SE UTILIZAN Y POR QU\u00c9?<\/p><p class=\"translation-block\">Algunas de las cookies que utilizamos son\u00a0<strong>necesarias<\/strong>\u00a0para permitirle navegar por este sitio web y aprovechar sus funciones, como acceder a \u00e1reas seguras y contenidos con acceso exclusivo para usuarios registrados.<\/p><p class=\"translation-block\">Nuestro sitio web tambi\u00e9n utiliza\u00a0<strong>cookies funcionales<\/strong>\u00a0para registrar informaci\u00f3n sobre las opciones de nuestros usuarios y permitirnos personalizar nuestro sitio web seg\u00fan sus necesidades; por ejemplo, recordar el idioma de origen o regi\u00f3n o que un usuario ya complet\u00f3 el llenado de una encuesta. La informaci\u00f3n registrada es an\u00f3nima y est\u00e1 destinada \u00fanicamente al fin indicado anteriormente.<\/p><p class=\"translation-block\">Este sitio web no utiliza\u00a0<strong><em>Cookies de orientaci\u00f3n<\/em><\/strong>\u00a0para promover publicidad dirigida a nuestros visitantes.<\/p><p>\u00bfC\u00d3MO GESTIONAR LAS COOKIES?<\/p><p>Los usuarios del sitio web aceptan la introducci\u00f3n de cookies en su ordenador o dispositivo en los t\u00e9rminos anteriormente indicados sin perjuicio del control y gesti\u00f3n disponibles.<\/p><p>Despu\u00e9s de autorizar el uso de cookies, el usuario siempre podr\u00e1 deshabilitar parte o la totalidad de las cookies, sin embargo, informamos a los usuarios que eliminar o bloquear las cookies puede afectar su experiencia de usuario y puede limitar el acceso a algunas \u00e1reas del Sitio Web.<\/p><p>COMMENT PUIS-JE MODIFIER MES PR\u00c9F\u00c9RENCES EN GESTION DES COOKIES ?<\/p><p>Puedes revocar tu consentimiento o modificar tus preferencias en cuanto a la gesti\u00f3n de cookies en cualquier momento en la p\u00e1gina de cookies del sitio web.<\/p><p>Alternativamente, la mayor\u00eda de los navegadores permiten controlar las cookies almacenadas en los dispositivos del visitante, as\u00ed como su eliminaci\u00f3n inmediata, si el usuario desea dejar de permitir el almacenamiento local de cookies. Para ello, puede encontrar m\u00e1s informaci\u00f3n en los sitios web: www.aboutcookies.org o www.allaboutcookies.org.<\/p><p>Los usuarios siempre pueden configurar los dispositivos y navegadores que utilizan para aceptar todas o algunas cookies, para notificarles cada vez que se emite una cookie o para no recibir nunca cookies.<\/p><p>Puede encontrar informaci\u00f3n m\u00e1s espec\u00edfica sobre c\u00f3mo gestionar las preferencias de cookies para los navegadores m\u00e1s populares en:<\/p><ul><li><a href=\"https:\/\/support.google.com\/accounts\/answer\/61416?co=GENIE.Platform%3DDesktop&amp;hl=en\">Google Chrome<\/a><\/li><li><a href=\"https:\/\/privacy.microsoft.com\/en-us\/windows-10-microsoft-edge-and-privacy\">Microsoft Edge<\/a><\/li><li><a href=\"https:\/\/support.mozilla.org\/en-US\/kb\/enable-and-disable-cookies-website-preferences\">Mozilla Firefox<\/a><\/li><li><a href=\"https:\/\/support.microsoft.com\/en-gb\/help\/17442\/windows-internet-explorer-delete-manage-cookies\">Microsoft Internet Explorer<\/a><\/li><li><a href=\"https:\/\/www.opera.com\/help\/tutorials\/security\/privacy\/\">Opera<\/a><\/li><li><a href=\"https:\/\/support.apple.com\/en-gb\/safari\">Apple Safari<\/a><\/li><\/ul><p>Siempre podr\u00e1s encontrar informaci\u00f3n sobre la gesti\u00f3n de cookies para otros navegadores visitando el sitio web del proveedor.<\/p><p>CONTROLES DEL NAVEGADOR<\/p><p>La gran mayor\u00eda de los navegadores permiten a nuestros usuarios ver las cookies alojadas y eliminarlas individualmente o, alternativamente, bloquear las cookies en un sitio web espec\u00edfico o en todos los sitios web en general.<\/p><p class=\"translation-block\">Les pr\u00e9f\u00e9rences d\u00e9finies, y compris la d\u00e9sinscription, sont perdues chaque fois que les cookies sont supprim\u00e9s. Pour plus d'informations, veuillez consulter les sites Web\u00a0<a href=\"http:\/\/www.aboutcookies.org\/\" target=\"_self\">AboutCookies.org<\/a>\u00a0ou\u00a0<a href=\"http:\/\/www.cookiecentral .com\/faq\/\" target=\"_self\">Cookiecentral.com<\/a>.<\/p>\t\t\t\t\t\t\t\t<\/div>\n\t\t\t\t<\/div>\n\t\t\t\t\t<\/div>\n\t\t\t\t<\/div>\n\t\t\t\t<\/div>","protected":false},"excerpt":{"rendered":"<p>Politica de Cookies O Mundo das Sobremesas \u2013 Ind\u00fastria Alimentar, Lda. utiliza cookies no seu website para melhorar o desempenho e a experi\u00eancia do utilizador atrav\u00e9s de um servi\u00e7o personalizado e eficiente. Os cookies s\u00e3o ficheiros de texto reduzido que cont\u00eam quantidades de informa\u00e7\u00e3o reduzidas, relacionada com as prefer\u00eancias dos nossos utilizadores, descarregadas para o [&hellip;]<\/p>\n","protected":false},"author":1,"featured_media":0,"parent":0,"menu_order":0,"comment_status":"closed","ping_status":"closed","template":"","meta":{"_acf_changed":false,"footnotes":""},"class_list":["post-161","page","type-page","status-publish","hentry"],"acf":[],"_links":{"self":[{"href":"https:\/\/mundosobremesas.pt\/es\/wp-json\/wp\/v2\/pages\/161","targetHints":{"allow":["GET"]}}],"collection":[{"href":"https:\/\/mundosobremesas.pt\/es\/wp-json\/wp\/v2\/pages"}],"about":[{"href":"https:\/\/mundosobremesas.pt\/es\/wp-json\/wp\/v2\/types\/page"}],"author":[{"embeddable":true,"href":"https:\/\/mundosobremesas.pt\/es\/wp-json\/wp\/v2\/users\/1"}],"replies":[{"embeddable":true,"href":"https:\/\/mundosobremesas.pt\/es\/wp-json\/wp\/v2\/comments?post=161"}],"version-history":[{"count":9,"href":"https:\/\/mundosobremesas.pt\/es\/wp-json\/wp\/v2\/pages\/161\/revisions"}],"predecessor-version":[{"id":489,"href":"https:\/\/mundosobremesas.pt\/es\/wp-json\/wp\/v2\/pages\/161\/revisions\/489"}],"wp:attachment":[{"href":"https:\/\/mundosobremesas.pt\/es\/wp-json\/wp\/v2\/media?parent=161"}],"curies":[{"name":"wp","href":"https:\/\/api.w.org\/{rel}","templated":true}]}}