{"id":989,"date":"2024-09-27T01:48:37","date_gmt":"2024-09-27T01:48:37","guid":{"rendered":"https:\/\/mundosobremesas.iprod.pt\/destaques-copy\/"},"modified":"2024-09-27T02:04:16","modified_gmt":"2024-09-27T02:04:16","slug":"destaques-copy","status":"publish","type":"page","link":"https:\/\/mundosobremesas.pt\/en\/destaques-copy\/","title":{"rendered":"News"},"content":{"rendered":"<div data-elementor-type=\"wp-page\" data-elementor-id=\"989\" class=\"elementor elementor-989\" data-elementor-post-type=\"page\">\n\t\t\t\t<div class=\"elementor-element elementor-element-5e6fcbd e-flex e-con-boxed e-con e-parent\" data-id=\"5e6fcbd\" data-element_type=\"container\" data-e-type=\"container\">\n\t\t\t\t\t<div class=\"e-con-inner\">\n\t\t\t\t<div class=\"elementor-element elementor-element-f219375 elementor-widget elementor-widget-heading\" data-id=\"f219375\" data-element_type=\"widget\" data-e-type=\"widget\" data-widget_type=\"heading.default\">\n\t\t\t\t<div class=\"elementor-widget-container\">\n\t\t\t\t\t<h2 class=\"elementor-heading-title elementor-size-default\">News<\/h2>\t\t\t\t<\/div>\n\t\t\t\t<\/div>\n\t\t\t\t\t<\/div>\n\t\t\t\t<\/div>\n\t\t<div class=\"elementor-element elementor-element-bdb92c1 e-flex e-con-boxed e-con e-parent\" data-id=\"bdb92c1\" data-element_type=\"container\" data-e-type=\"container\">\n\t\t\t\t\t<div class=\"e-con-inner\">\n\t\t\t\t<div class=\"elementor-element elementor-element-8cb894e elementor-grid-2 elementor-grid-tablet-2 elementor-grid-mobile-1 elementor-posts--thumbnail-top elementor-widget elementor-widget-posts\" data-id=\"8cb894e\" data-element_type=\"widget\" data-e-type=\"widget\" data-settings=\"{&quot;classic_columns&quot;:&quot;2&quot;,&quot;classic_columns_tablet&quot;:&quot;2&quot;,&quot;classic_columns_mobile&quot;:&quot;1&quot;,&quot;classic_row_gap&quot;:{&quot;unit&quot;:&quot;px&quot;,&quot;size&quot;:35,&quot;sizes&quot;:[]},&quot;classic_row_gap_tablet&quot;:{&quot;unit&quot;:&quot;px&quot;,&quot;size&quot;:&quot;&quot;,&quot;sizes&quot;:[]},&quot;classic_row_gap_mobile&quot;:{&quot;unit&quot;:&quot;px&quot;,&quot;size&quot;:&quot;&quot;,&quot;sizes&quot;:[]}}\" data-widget_type=\"posts.classic\">\n\t\t\t\t<div class=\"elementor-widget-container\">\n\t\t\t\t\t\t\t<div class=\"elementor-posts-container elementor-posts elementor-posts--skin-classic elementor-grid\" role=\"list\">\n\t\t\t\t<article class=\"elementor-post elementor-grid-item post-1611 post type-post status-publish format-standard has-post-thumbnail hentry category-destaque category-noticias\" role=\"listitem\">\n\t\t\t\t<a class=\"elementor-post__thumbnail__link\" href=\"https:\/\/mundosobremesas.pt\/en\/alimentaria-2026-barcelona\/\" tabindex=\"-1\" >\n\t\t\t<div class=\"elementor-post__thumbnail\"><img fetchpriority=\"high\" decoding=\"async\" width=\"300\" height=\"184\" src=\"https:\/\/mundosobremesas.pt\/wp-content\/uploads\/2026\/02\/BCN-23-a-26-Marco-1-300x184.png\" class=\"attachment-medium size-medium wp-image-1582\" alt=\"\" srcset=\"https:\/\/mundosobremesas.pt\/wp-content\/uploads\/2026\/02\/BCN-23-a-26-Marco-1-300x184.png 300w, https:\/\/mundosobremesas.pt\/wp-content\/uploads\/2026\/02\/BCN-23-a-26-Marco-1-1024x628.png 1024w, https:\/\/mundosobremesas.pt\/wp-content\/uploads\/2026\/02\/BCN-23-a-26-Marco-1-768x471.png 768w, https:\/\/mundosobremesas.pt\/wp-content\/uploads\/2026\/02\/BCN-23-a-26-Marco-1-18x12.png 18w, https:\/\/mundosobremesas.pt\/wp-content\/uploads\/2026\/02\/BCN-23-a-26-Marco-1.png 1218w\" sizes=\"(max-width: 300px) 100vw, 300px\" \/><\/div>\n\t\t<\/a>\n\t\t\t\t<div class=\"elementor-post__text\">\n\t\t\t\t<h3 class=\"elementor-post__title\">\n\t\t\t<a href=\"https:\/\/mundosobremesas.pt\/en\/alimentaria-2026-barcelona\/\" >\n\t\t\t\tMy Cake will be present at Alimentaria 2026 in Barcelona.\t\t\t<\/a>\n\t\t<\/h3>\n\t\t\t\t<div class=\"elementor-post__excerpt\">\n\t\t\t<p>De 23 a 26 de mar\u00e7o de 2026, a My Cake by Mundo das Sobremesas estar\u00e1 presente na Alimentaria \u2013 International Food, Drinks &amp; Food<\/p>\n\t\t<\/div>\n\t\t\n\t\t<a class=\"elementor-post__read-more\" href=\"https:\/\/mundosobremesas.pt\/en\/alimentaria-2026-barcelona\/\" aria-label=\"Read more about My Cake marca presen\u00e7a na Alimentaria 2026 em Barcelona\" tabindex=\"-1\" >\n\t\t\tRead More...\t\t<\/a>\n\n\t\t\t\t<\/div>\n\t\t\t\t<\/article>\n\t\t\t\t<article class=\"elementor-post elementor-grid-item post-1558 post type-post status-publish format-standard has-post-thumbnail hentry category-noticias\" role=\"listitem\">\n\t\t\t\t<a class=\"elementor-post__thumbnail__link\" href=\"https:\/\/mundosobremesas.pt\/en\/hip-madrid-2026\/\" tabindex=\"-1\" >\n\t\t\t<div class=\"elementor-post__thumbnail\"><img decoding=\"async\" width=\"300\" height=\"169\" src=\"https:\/\/mundosobremesas.pt\/wp-content\/uploads\/2026\/02\/HIP-300x169.jpg\" class=\"attachment-medium size-medium wp-image-1559\" alt=\"\" srcset=\"https:\/\/mundosobremesas.pt\/wp-content\/uploads\/2026\/02\/HIP-300x169.jpg 300w, https:\/\/mundosobremesas.pt\/wp-content\/uploads\/2026\/02\/HIP-1024x576.jpg 1024w, https:\/\/mundosobremesas.pt\/wp-content\/uploads\/2026\/02\/HIP-768x432.jpg 768w, https:\/\/mundosobremesas.pt\/wp-content\/uploads\/2026\/02\/HIP-1536x864.jpg 1536w, https:\/\/mundosobremesas.pt\/wp-content\/uploads\/2026\/02\/HIP-18x10.jpg 18w, https:\/\/mundosobremesas.pt\/wp-content\/uploads\/2026\/02\/HIP.jpg 1919w\" sizes=\"(max-width: 300px) 100vw, 300px\" \/><\/div>\n\t\t<\/a>\n\t\t\t\t<div class=\"elementor-post__text\">\n\t\t\t\t<h3 class=\"elementor-post__title\">\n\t\t\t<a href=\"https:\/\/mundosobremesas.pt\/en\/hip-madrid-2026\/\" >\n\t\t\t\tNext Level Unlocked: My Cake will be present at HIP Madrid 2026.\t\t\t<\/a>\n\t\t<\/h3>\n\t\t\t\t<div class=\"elementor-post__excerpt\">\n\t\t\t<p>De 16 a 18 de fevereiro de 2026, a My Cake by Mundo das Sobremesas marcou presen\u00e7a na HIP \u2013 Horeca Professional Expo, um dos<\/p>\n\t\t<\/div>\n\t\t\n\t\t<a class=\"elementor-post__read-more\" href=\"https:\/\/mundosobremesas.pt\/en\/hip-madrid-2026\/\" aria-label=\"Read more about Next Level Unlocked: My Cake marca presen\u00e7a na HIP Madrid 2026\" tabindex=\"-1\" >\n\t\t\tRead More...\t\t<\/a>\n\n\t\t\t\t<\/div>\n\t\t\t\t<\/article>\n\t\t\t\t<article class=\"elementor-post elementor-grid-item post-1311 post type-post status-publish format-standard has-post-thumbnail hentry category-noticias\" role=\"listitem\">\n\t\t\t\t<a class=\"elementor-post__thumbnail__link\" href=\"https:\/\/mundosobremesas.pt\/en\/gastronomic-2025\/\" tabindex=\"-1\" >\n\t\t\t<div class=\"elementor-post__thumbnail\"><img decoding=\"async\" width=\"300\" height=\"62\" src=\"https:\/\/mundosobremesas.pt\/wp-content\/uploads\/2025\/10\/gastronomic2025-300x62.png\" class=\"attachment-medium size-medium wp-image-1322\" alt=\"\" srcset=\"https:\/\/mundosobremesas.pt\/wp-content\/uploads\/2025\/10\/gastronomic2025-300x62.png 300w, https:\/\/mundosobremesas.pt\/wp-content\/uploads\/2025\/10\/gastronomic2025-1024x211.png 1024w, https:\/\/mundosobremesas.pt\/wp-content\/uploads\/2025\/10\/gastronomic2025-768x158.png 768w, https:\/\/mundosobremesas.pt\/wp-content\/uploads\/2025\/10\/gastronomic2025-18x4.png 18w, https:\/\/mundosobremesas.pt\/wp-content\/uploads\/2025\/10\/gastronomic2025.png 1456w\" sizes=\"(max-width: 300px) 100vw, 300px\" \/><\/div>\n\t\t<\/a>\n\t\t\t\t<div class=\"elementor-post__text\">\n\t\t\t\t<h3 class=\"elementor-post__title\">\n\t\t\t<a href=\"https:\/\/mundosobremesas.pt\/en\/gastronomic-2025\/\" >\n\t\t\t\tGastronomic 2025\t\t\t<\/a>\n\t\t<\/h3>\n\t\t\t\t<div class=\"elementor-post__excerpt\">\n\t\t\t<p>E assim foram dias intensos em F\u00f3rum Gastron\u00f3mico Barcelona Recinto Montjuic, sempre cheios, sempre positivos com o nosso trabalho, vamos de cora\u00e7\u00e3o cheio pelo positiva<\/p>\n\t\t<\/div>\n\t\t\n\t\t<a class=\"elementor-post__read-more\" href=\"https:\/\/mundosobremesas.pt\/en\/gastronomic-2025\/\" aria-label=\"Read more about Gastronomic 2025\" tabindex=\"-1\" >\n\t\t\tRead More...\t\t<\/a>\n\n\t\t\t\t<\/div>\n\t\t\t\t<\/article>\n\t\t\t\t<article class=\"elementor-post elementor-grid-item post-1208 post type-post status-publish format-standard has-post-thumbnail hentry category-noticias\" role=\"listitem\">\n\t\t\t\t<a class=\"elementor-post__thumbnail__link\" href=\"https:\/\/mundosobremesas.pt\/en\/conxemar-2025\/\" tabindex=\"-1\" >\n\t\t\t<div class=\"elementor-post__thumbnail\"><img loading=\"lazy\" decoding=\"async\" width=\"300\" height=\"123\" src=\"https:\/\/mundosobremesas.pt\/wp-content\/uploads\/2025\/10\/image-300x123.png\" class=\"attachment-medium size-medium wp-image-1204\" alt=\"\" srcset=\"https:\/\/mundosobremesas.pt\/wp-content\/uploads\/2025\/10\/image-300x123.png 300w, https:\/\/mundosobremesas.pt\/wp-content\/uploads\/2025\/10\/image-18x7.png 18w, https:\/\/mundosobremesas.pt\/wp-content\/uploads\/2025\/10\/image.png 450w\" sizes=\"(max-width: 300px) 100vw, 300px\" \/><\/div>\n\t\t<\/a>\n\t\t\t\t<div class=\"elementor-post__text\">\n\t\t\t\t<h3 class=\"elementor-post__title\">\n\t\t\t<a href=\"https:\/\/mundosobremesas.pt\/en\/conxemar-2025\/\" >\n\t\t\t\tConxemar 2025\t\t\t<\/a>\n\t\t<\/h3>\n\t\t\t\t<div class=\"elementor-post__excerpt\">\n\t\t\t<p>From October 7th to 9th, we were present at the 26th Vigo International Fair. Thank you for your visit.<\/p>\n\t\t<\/div>\n\t\t\n\t\t<a class=\"elementor-post__read-more\" href=\"https:\/\/mundosobremesas.pt\/en\/conxemar-2025\/\" aria-label=\"Read more about Conxemar 2025\" tabindex=\"-1\" >\n\t\t\tRead More...\t\t<\/a>\n\n\t\t\t\t<\/div>\n\t\t\t\t<\/article>\n\t\t\t\t<article class=\"elementor-post elementor-grid-item post-1184 post type-post status-publish format-standard has-post-thumbnail hentry category-noticias\" role=\"listitem\">\n\t\t\t\t<a class=\"elementor-post__thumbnail__link\" href=\"https:\/\/mundosobremesas.pt\/en\/hip-2025\/\" tabindex=\"-1\" >\n\t\t\t<div class=\"elementor-post__thumbnail\"><img loading=\"lazy\" decoding=\"async\" width=\"225\" height=\"300\" src=\"https:\/\/mundosobremesas.pt\/wp-content\/uploads\/2025\/04\/Mundo-das-Sobremesas-expoe-na-HIP-Horeca-Prof-Expo-em-Madrid-10-12Mar25-2-225x300.jpg\" class=\"attachment-medium size-medium wp-image-1187\" alt=\"\" srcset=\"https:\/\/mundosobremesas.pt\/wp-content\/uploads\/2025\/04\/Mundo-das-Sobremesas-expoe-na-HIP-Horeca-Prof-Expo-em-Madrid-10-12Mar25-2-225x300.jpg 225w, https:\/\/mundosobremesas.pt\/wp-content\/uploads\/2025\/04\/Mundo-das-Sobremesas-expoe-na-HIP-Horeca-Prof-Expo-em-Madrid-10-12Mar25-2-768x1024.jpg 768w, https:\/\/mundosobremesas.pt\/wp-content\/uploads\/2025\/04\/Mundo-das-Sobremesas-expoe-na-HIP-Horeca-Prof-Expo-em-Madrid-10-12Mar25-2-1152x1536.jpg 1152w, https:\/\/mundosobremesas.pt\/wp-content\/uploads\/2025\/04\/Mundo-das-Sobremesas-expoe-na-HIP-Horeca-Prof-Expo-em-Madrid-10-12Mar25-2-9x12.jpg 9w, https:\/\/mundosobremesas.pt\/wp-content\/uploads\/2025\/04\/Mundo-das-Sobremesas-expoe-na-HIP-Horeca-Prof-Expo-em-Madrid-10-12Mar25-2.jpg 1200w\" sizes=\"(max-width: 225px) 100vw, 225px\" \/><\/div>\n\t\t<\/a>\n\t\t\t\t<div class=\"elementor-post__text\">\n\t\t\t\t<h3 class=\"elementor-post__title\">\n\t\t\t<a href=\"https:\/\/mundosobremesas.pt\/en\/hip-2025\/\" >\n\t\t\t\tHIP &#8211; Horeca Professional Expo 2025\t\t\t<\/a>\n\t\t<\/h3>\n\t\t\t\t<div class=\"elementor-post__excerpt\">\n\t\t\t<p>From 10 to 12 March 2025 we were present at HIP \u2013 Horeca Professional Expo in Madrid.<\/p>\n\t\t<\/div>\n\t\t\n\t\t<a class=\"elementor-post__read-more\" href=\"https:\/\/mundosobremesas.pt\/en\/hip-2025\/\" aria-label=\"Read more about HIP &#8211; Horeca Professional Expo 2025\" tabindex=\"-1\" >\n\t\t\tRead More...\t\t<\/a>\n\n\t\t\t\t<\/div>\n\t\t\t\t<\/article>\n\t\t\t\t<article class=\"elementor-post elementor-grid-item post-1063 post type-post status-publish format-standard has-post-thumbnail hentry category-noticias\" role=\"listitem\">\n\t\t\t\t<a class=\"elementor-post__thumbnail__link\" href=\"https:\/\/mundosobremesas.pt\/en\/conxemar-2024\/\" tabindex=\"-1\" >\n\t\t\t<div class=\"elementor-post__thumbnail\"><img loading=\"lazy\" decoding=\"async\" width=\"300\" height=\"130\" src=\"https:\/\/mundosobremesas.pt\/wp-content\/uploads\/2024\/09\/conxemar-2024-2-300x130.jpg\" class=\"attachment-medium size-medium wp-image-956\" alt=\"\" srcset=\"https:\/\/mundosobremesas.pt\/wp-content\/uploads\/2024\/09\/conxemar-2024-2-300x130.jpg 300w, https:\/\/mundosobremesas.pt\/wp-content\/uploads\/2024\/09\/conxemar-2024-2-1024x443.jpg 1024w, https:\/\/mundosobremesas.pt\/wp-content\/uploads\/2024\/09\/conxemar-2024-2-768x332.jpg 768w, https:\/\/mundosobremesas.pt\/wp-content\/uploads\/2024\/09\/conxemar-2024-2-1536x665.jpg 1536w, https:\/\/mundosobremesas.pt\/wp-content\/uploads\/2024\/09\/conxemar-2024-2-2048x886.jpg 2048w, https:\/\/mundosobremesas.pt\/wp-content\/uploads\/2024\/09\/conxemar-2024-2-18x8.jpg 18w\" sizes=\"(max-width: 300px) 100vw, 300px\" \/><\/div>\n\t\t<\/a>\n\t\t\t\t<div class=\"elementor-post__text\">\n\t\t\t\t<h3 class=\"elementor-post__title\">\n\t\t\t<a href=\"https:\/\/mundosobremesas.pt\/en\/conxemar-2024\/\" >\n\t\t\t\tConxemar 2024\t\t\t<\/a>\n\t\t<\/h3>\n\t\t\t\t<div class=\"elementor-post__excerpt\">\n\t\t\t<p>Durante os dias 1, 2 e 3 de Outubro estaremos presentes numa das maiores exposi\u00e7\u00f5es de Alimenta\u00e7\u00e3o &#8211; Conxemar 2024. Estaremos presentes no centro de<\/p>\n\t\t<\/div>\n\t\t\n\t\t<a class=\"elementor-post__read-more\" href=\"https:\/\/mundosobremesas.pt\/en\/conxemar-2024\/\" aria-label=\"Read more about Conxemar 2024\" tabindex=\"-1\" >\n\t\t\tRead More...\t\t<\/a>\n\n\t\t\t\t<\/div>\n\t\t\t\t<\/article>\n\t\t\t\t<article class=\"elementor-post elementor-grid-item post-644 post type-post status-publish format-standard has-post-thumbnail hentry category-noticias\" role=\"listitem\">\n\t\t\t\t<a class=\"elementor-post__thumbnail__link\" href=\"https:\/\/mundosobremesas.pt\/en\/alimentaria-2024-barcelona\/\" tabindex=\"-1\" >\n\t\t\t<div class=\"elementor-post__thumbnail\"><img loading=\"lazy\" decoding=\"async\" width=\"240\" height=\"300\" src=\"https:\/\/mundosobremesas.pt\/wp-content\/uploads\/2024\/03\/433876962_923005753167171_7261762576387540838_n-240x300.jpg\" class=\"attachment-medium size-medium wp-image-649\" alt=\"\" srcset=\"https:\/\/mundosobremesas.pt\/wp-content\/uploads\/2024\/03\/433876962_923005753167171_7261762576387540838_n-240x300.jpg 240w, https:\/\/mundosobremesas.pt\/wp-content\/uploads\/2024\/03\/433876962_923005753167171_7261762576387540838_n-819x1024.jpg 819w, https:\/\/mundosobremesas.pt\/wp-content\/uploads\/2024\/03\/433876962_923005753167171_7261762576387540838_n-768x960.jpg 768w, https:\/\/mundosobremesas.pt\/wp-content\/uploads\/2024\/03\/433876962_923005753167171_7261762576387540838_n-10x12.jpg 10w, https:\/\/mundosobremesas.pt\/wp-content\/uploads\/2024\/03\/433876962_923005753167171_7261762576387540838_n.jpg 1200w\" sizes=\"(max-width: 240px) 100vw, 240px\" \/><\/div>\n\t\t<\/a>\n\t\t\t\t<div class=\"elementor-post__text\">\n\t\t\t\t<h3 class=\"elementor-post__title\">\n\t\t\t<a href=\"https:\/\/mundosobremesas.pt\/en\/alimentaria-2024-barcelona\/\" >\n\t\t\t\tAlimentaria 2024 &#8211; Barcelona\t\t\t<\/a>\n\t\t<\/h3>\n\t\t\t\t<div class=\"elementor-post__excerpt\">\n\t\t\t\t\t<\/div>\n\t\t\n\t\t<a class=\"elementor-post__read-more\" href=\"https:\/\/mundosobremesas.pt\/en\/alimentaria-2024-barcelona\/\" aria-label=\"Read more about Alimentaria 2024 &#8211; Barcelona\" tabindex=\"-1\" >\n\t\t\tRead More...\t\t<\/a>\n\n\t\t\t\t<\/div>\n\t\t\t\t<\/article>\n\t\t\t\t<article class=\"elementor-post elementor-grid-item post-509 post type-post status-publish format-standard has-post-thumbnail hentry category-noticias\" role=\"listitem\">\n\t\t\t\t<a class=\"elementor-post__thumbnail__link\" href=\"https:\/\/mundosobremesas.pt\/en\/ht-malaga\/\" tabindex=\"-1\" >\n\t\t\t<div class=\"elementor-post__thumbnail\"><img loading=\"lazy\" decoding=\"async\" width=\"240\" height=\"300\" src=\"https:\/\/mundosobremesas.pt\/wp-content\/uploads\/2024\/02\/2-1-240x300.jpg\" class=\"attachment-medium size-medium wp-image-513\" alt=\"\" srcset=\"https:\/\/mundosobremesas.pt\/wp-content\/uploads\/2024\/02\/2-1-240x300.jpg 240w, https:\/\/mundosobremesas.pt\/wp-content\/uploads\/2024\/02\/2-1.jpg 768w\" sizes=\"(max-width: 240px) 100vw, 240px\" \/><\/div>\n\t\t<\/a>\n\t\t\t\t<div class=\"elementor-post__text\">\n\t\t\t\t<h3 class=\"elementor-post__title\">\n\t\t\t<a href=\"https:\/\/mundosobremesas.pt\/en\/ht-malaga\/\" >\n\t\t\t\tH&amp;T M\u00e1laga\t\t\t<\/a>\n\t\t<\/h3>\n\t\t\t\t<div class=\"elementor-post__excerpt\">\n\t\t\t\t\t<\/div>\n\t\t\n\t\t<a class=\"elementor-post__read-more\" href=\"https:\/\/mundosobremesas.pt\/en\/ht-malaga\/\" aria-label=\"Read more about H&amp;T M\u00e1laga\" tabindex=\"-1\" >\n\t\t\tRead More...\t\t<\/a>\n\n\t\t\t\t<\/div>\n\t\t\t\t<\/article>\n\t\t\t\t<\/div>\n\t\t\n\t\t\t\t\t\t<\/div>\n\t\t\t\t<\/div>\n\t\t\t\t\t<\/div>\n\t\t\t\t<\/div>\n\t\t\t\t<\/div>","protected":false},"excerpt":{"rendered":"<p>News<\/p>","protected":false},"author":1,"featured_media":0,"parent":0,"menu_order":0,"comment_status":"closed","ping_status":"closed","template":"","meta":{"_acf_changed":false,"footnotes":""},"class_list":["post-989","page","type-page","status-publish","hentry"],"acf":[],"_links":{"self":[{"href":"https:\/\/mundosobremesas.pt\/en\/wp-json\/wp\/v2\/pages\/989","targetHints":{"allow":["GET"]}}],"collection":[{"href":"https:\/\/mundosobremesas.pt\/en\/wp-json\/wp\/v2\/pages"}],"about":[{"href":"https:\/\/mundosobremesas.pt\/en\/wp-json\/wp\/v2\/types\/page"}],"author":[{"embeddable":true,"href":"https:\/\/mundosobremesas.pt\/en\/wp-json\/wp\/v2\/users\/1"}],"replies":[{"embeddable":true,"href":"https:\/\/mundosobremesas.pt\/en\/wp-json\/wp\/v2\/comments?post=989"}],"version-history":[{"count":4,"href":"https:\/\/mundosobremesas.pt\/en\/wp-json\/wp\/v2\/pages\/989\/revisions"}],"predecessor-version":[{"id":994,"href":"https:\/\/mundosobremesas.pt\/en\/wp-json\/wp\/v2\/pages\/989\/revisions\/994"}],"wp:attachment":[{"href":"https:\/\/mundosobremesas.pt\/en\/wp-json\/wp\/v2\/media?parent=989"}],"curies":[{"name":"wp","href":"https:\/\/api.w.org\/{rel}","templated":true}]}}