{"id":3,"date":"2024-02-13T21:42:12","date_gmt":"2024-02-13T21:42:12","guid":{"rendered":"https:\/\/mundosobremesas.iprod.pt\/?page_id=3"},"modified":"2024-02-26T05:44:18","modified_gmt":"2024-02-26T05:44:18","slug":"politica-privacidade","status":"publish","type":"page","link":"https:\/\/mundosobremesas.pt\/en\/politica-privacidade\/","title":{"rendered":"Privacy Policy"},"content":{"rendered":"<div data-elementor-type=\"wp-page\" data-elementor-id=\"3\" class=\"elementor elementor-3\" data-elementor-post-type=\"page\">\n\t\t\t\t<div class=\"elementor-element elementor-element-2f623b81 e-flex e-con-boxed e-con e-parent\" data-id=\"2f623b81\" data-element_type=\"container\" data-e-type=\"container\">\n\t\t\t\t\t<div class=\"e-con-inner\">\n\t\t\t\t<div class=\"elementor-element elementor-element-19253361 elementor-widget elementor-widget-text-editor\" data-id=\"19253361\" data-element_type=\"widget\" data-e-type=\"widget\" data-widget_type=\"text-editor.default\">\n\t\t\t\t<div class=\"elementor-widget-container\">\n\t\t\t\t\t\t\t\t\t<p><\/p>\n<p><strong>Privacy and Personal Data Policy:<\/strong><\/p>\n<p><\/p>\n<p><\/p>\n<p>O Mundo das Sobremesas \u2013 Ind\u00fastria Alimentar, Lda. (hereinafter identified as Mundo das Sobremesas or company) bases its actions on respect, security, lawfulness, confidentiality and rigor in the application of measures necessary to protect personal data, in accordance with the principles applicable to it, namely those defined in the General Data Protection Regulation (GDPR), approved by Regulation (EU) No. 2016\/679, of April 27, 2016, in its current wording and other legislation.<\/p>\n<p><\/p>\n<p><\/p>\n<p>The Privacy Policy aims to clarify how O Mundo das Sobremesas \u2013 Ind\u00fastria Alimentar, Lda. collects, uses, shares and protects the personal data of our customers and users, particularly when they use the services or visit the website, (http:\/\/ www.mundosobremesas.pt), which despite not implying registration, uses certain content that may imply the provision of personal data by customers and users.<\/p>\n<p><\/p>\n<p><\/p>\n<p>Mundo das Sobremesas \u2013 Ind\u00fastria Alimentar, Lda., hereinafter identified as Mundo das Sobremesas, may at any time, without prior notice and with immediate effect, change, add or revoke, partially or completely, this Privacy Policy. Any changes will be immediately made available on this page, so you are advised to visit it regularly.<\/p>\n<p><\/p>\n<p><\/p>\n<p><strong>1 \u2013 PERSONAL DATA<\/strong><\/p>\n<p><\/p>\n<p><\/p>\n<p>Personal Data is any information, of any nature and on any medium, relating to a directly or indirectly identified or identifiable natural person (data subject).<\/p>\n<p><\/p>\n<p><\/p>\n<p>The holders of personal data are any Customer, user, candidate, natural person, to whom the data relates and who has used the services or products of Mundo das Sobremesas.<\/p>\n<p><\/p>\n<p><\/p>\n<p><strong>2 \u2013 PROCESSING OF PERSONAL DATA<\/strong><\/p>\n<p><\/p>\n<p><\/p>\n<ol class=\"wp-block-list\">\n<li style=\"list-style-type: none;\">\n<ol><\/ol>\n<\/li>\n<\/ol>\n<ol>\n<li style=\"list-style-type: none;\">\n<ol>\n<li>A) RESPONSIBLE FOR THE PROCESSING OF YOUR PERSONAL DATA<\/li>\n<\/ol>\n<\/li>\n<\/ol>\n<p><\/p>\n<p><\/p>\n<p><\/p>\n<p>O Mundo das Sobremesas \u2013 Ind\u00fastria Alimentar, Lda. with headquarters at Rua da Ind\u00fastria, 30, 4480-146 Rio Mau, telephone number 252 657 083, is responsible for the collection and processing of your personal data.<\/p>\n<p><\/p>\n<p><\/p>\n<p>The Data Protection Officer (DPO) can be contacted via email at rgpd@mundosobremesas.pt, or through the means available on the website.<\/p>\n<p><\/p>\n<p><\/p>\n<p>Mundo das Desserts does not assume any responsibility when, for unrelated or unknown reasons, error, damage, dissemination or unauthorized access occurs resulting from the electronic data transmission that may occur between the company and the Data Holder.<\/p>\n<p><\/p>\n<p><\/p>\n<p><strong>3 \u2013 BASIS OF DATA PROCESSING<\/strong><\/p>\n<p><\/p>\n<p><\/p>\n<ol class=\"wp-block-list\">\n<li style=\"list-style-type: none;\">\n<ol><\/ol>\n<\/li>\n<\/ol>\n<ol>\n<li style=\"list-style-type: none;\">\n<ol>\n<li>A) \u2013 COLLECTE DE DONN\u00c9ES PERSONNELLES<\/li>\n<\/ol>\n<\/li>\n<\/ol>\n<p><\/p>\n<p><\/p>\n<p><\/p>\n<p>Mundo das Sobremesas only collects and processes personal data with express consent, in accordance with each of the specific purposes of the processing in question, under the terms set out in the General Data Protection Regulation, and data collection may be done orally, by written or through the company's electronic and online means of communication.<\/p>\n<p><\/p>\n<p><\/p>\n<p>The consent given may be withdrawn by them (specify the data subject) at any time.<\/p>\n<p><\/p>\n<p><\/p>\n<p>If personal data, considered essential for the applicable purpose, is not provided by customers or users, or proves to be insufficient, incorrect or out of date, Mundo das Sobremesas will not be able to provide the contracted service(s), assuming the customers or users, full and exclusive responsibility for the insufficiency or inaccuracy of the data transmitted.<\/p>\n<p><\/p>\n<p><\/p>\n<p>Mundo das Desserts collects your personal data through the following means:<\/p>\n<p><\/p>\n<p><\/p>\n<ul class=\"wp-block-list\">\n<li style=\"list-style-type: none;\">\n<ul><\/ul>\n<\/li>\n<\/ul>\n<ul>\n<li style=\"list-style-type: none;\">\n<ul>\n<li>Completing online contact forms to request information\/quotes;<\/li>\n<\/ul>\n<\/li>\n<\/ul>\n<p><\/p>\n<p><\/p>\n<ul>\n<li style=\"list-style-type: none;\">\n<ul>\n<li>Contacts by email, telephone<\/li>\n<\/ul>\n<\/li>\n<\/ul>\n<p><\/p>\n<p><\/p>\n<ul>\n<li style=\"list-style-type: none;\">\n<ul>\n<li>Submission of applications by any means.<\/li>\n<\/ul>\n<\/li>\n<\/ul>\n<p><\/p>\n<p><\/p>\n<p><\/p>\n<p>By making your personal data available to Mundo das Sobremesas \u2013 Ind\u00fastria Alimentar, Lda., the customer, user, acknowledges and consents to their processing in accordance with this Privacy Policy and the rules and principles contained in the respective terms and conditions of the services used. To this extent, and with regard to the processing of personal data, the user must read this Privacy and Cookies Policy.<\/p>\n<p><\/p>\n<p><\/p>\n<ol class=\"wp-block-list\">\n<li style=\"list-style-type: none;\">\n<ol><\/ol>\n<\/li>\n<\/ol>\n<ol>\n<li style=\"list-style-type: none;\">\n<ol>\n<li>B) PURPOSES OF PROCESSING PERSONAL DATA<\/li>\n<\/ol>\n<\/li>\n<\/ol>\n<p><\/p>\n<p><\/p>\n<p><\/p>\n<ul class=\"wp-block-list\">\n<li style=\"list-style-type: none;\">\n<ul><\/ul>\n<\/li>\n<\/ul>\n<ul>\n<li style=\"list-style-type: none;\">\n<ul>\n<li>Marketing and Sales<\/li>\n<\/ul>\n<\/li>\n<\/ul>\n<p><\/p>\n<p><\/p>\n<ul>\n<li style=\"list-style-type: none;\">\n<ul>\n<li>Customer Management and Service Provision<\/li>\n<\/ul>\n<\/li>\n<\/ul>\n<p><\/p>\n<p><\/p>\n<ul>\n<li style=\"list-style-type: none;\">\n<ul>\n<li>Gestion Comptable, Fiscale et Administrative<\/li>\n<\/ul>\n<\/li>\n<\/ul>\n<p><\/p>\n<p><\/p>\n<ul>\n<li style=\"list-style-type: none;\">\n<ul>\n<li>Compliance with legal obligations<\/li>\n<\/ul>\n<\/li>\n<\/ul>\n<p><\/p>\n<p><\/p>\n<ul>\n<li style=\"list-style-type: none;\">\n<ul>\n<li>Elaboraci\u00f3n de perfiles basada en el historial de interacci\u00f3n con el cliente<\/li>\n<\/ul>\n<\/li>\n<\/ul>\n<p><\/p>\n<p><\/p>\n<ul>\n<li style=\"list-style-type: none;\">\n<ul>\n<li>Adaptation of the browsing experience on the Website.<\/li>\n<\/ul>\n<\/li>\n<\/ul>\n<p><\/p>\n<p><\/p>\n<p><\/p>\n<p>El tratamiento de datos personales es necesario para la celebraci\u00f3n, ejecuci\u00f3n y gesti\u00f3n del contrato, preparaci\u00f3n de una propuesta de servicio, para la gesti\u00f3n de contactos, informaci\u00f3n y pedidos, para la gesti\u00f3n de facturaci\u00f3n, cobro y pago, y puede ser necesario para cumplir una obligaci\u00f3n legal a la que est\u00e1 sujeta la empresa.<\/p>\n<p><\/p>\n<p><\/p>\n<ol class=\"wp-block-list\">\n<li style=\"list-style-type: none;\">\n<ol><\/ol>\n<\/li>\n<\/ol>\n<ol>\n<li style=\"list-style-type: none;\">\n<ol>\n<li>C) CONSENT<\/li>\n<\/ol>\n<\/li>\n<\/ol>\n<p><\/p>\n<p><\/p>\n<p><\/p>\n<p>Under the General Data Protection Regulation, the processing of any personal data must be legitimized on a basis that will always depend on your consent.<\/p>\n<p><\/p>\n<p><\/p>\n<p>The client, user, expressly authorizes, freely and consciously, the company Mundo das Sobremesas \u2013 Ind\u00fastria Alimentar, Lda. to collect and process their personal data for the purposes described.<\/p>\n<p><\/p>\n<p><\/p>\n<ol class=\"wp-block-list\">\n<li style=\"list-style-type: none;\">\n<ol><\/ol>\n<\/li>\n<\/ol>\n<ol>\n<li style=\"list-style-type: none;\">\n<ol>\n<li>D) TYPE OF PERSONAL DATA COLLECTED<\/li>\n<\/ol>\n<\/li>\n<\/ol>\n<p><\/p>\n<p><\/p>\n<p><\/p>\n<p>Les donn\u00e9es personnelles collect\u00e9es sont limit\u00e9es \u00e0 celles strictement n\u00e9cessaires \u00e0 la finalit\u00e9 du traitement, mais d'autres donn\u00e9es n\u00e9cessaires \u00e0 la fourniture des produits, des donn\u00e9es financi\u00e8res et des donn\u00e9es relatives \u00e0 la relation commerciale peuvent \u00eatre collect\u00e9es ; Correspondance commerciale\u00a0; historique des contacts avec les services d\u2019assistance\/support technique.<\/p>\n<p><\/p>\n<p><\/p>\n<ol class=\"wp-block-list\">\n<li style=\"list-style-type: none;\">\n<ol><\/ol>\n<\/li>\n<\/ol>\n<ol>\n<li style=\"list-style-type: none;\">\n<ol>\n<li>E) ACCESS AND SHARING OR TRANSFER OF PERSONAL DATA<\/li>\n<\/ol>\n<\/li>\n<\/ol>\n<p><\/p>\n<p><\/p>\n<p><\/p>\n<p>The personal data collected will be fully guaranteed with levels of confidentiality, security and protection.<\/p>\n<p><\/p>\n<p><\/p>\n<p>Personal data may be accessed by the departments corresponding to the purpose for which the contact was established.<\/p>\n<p><\/p>\n<p><\/p>\n<p>Mundo das Desserts may transmit your personal data to public authorities as required by law and only to the strictest extent of its obligations; or only when this proves necessary for the execution of intermediation and service provision contracts. In the case of subcontracting from third parties to pursue the purposes mentioned above, these entities are obliged to maintain secrecy and guarantee the security and confidentiality of the personal data to which, for this purpose, they have access, and must not use this data for any other purposes, or for their own benefit, nor relate them to other data they possess.<\/p>\n<p><\/p>\n<p><\/p>\n<ol class=\"wp-block-list\">\n<li style=\"list-style-type: none;\">\n<ol><\/ol>\n<\/li>\n<\/ol>\n<ol>\n<li style=\"list-style-type: none;\">\n<ol>\n<li>F) ACC\u00c8S AUX LIENS (LIENS EXTERNES)<\/li>\n<\/ol>\n<\/li>\n<\/ol>\n<p><\/p>\n<p><\/p>\n<p><\/p>\n<p>The website may contain links to other websites and email addresses of companies not belonging to Mundo das Sobremesas. This privacy policy does not apply to these websites and email addresses. The provision of such links is made in good faith, and O Mundo das Sobremesas \u2013 Ind\u00fastria Alimentar, Lda. cannot be held responsible for the collection and processing of personal data carried out on these websites, nor be held responsible for the accuracy, credibility and functionality of websites belonging to the 3rd.<\/p>\n<p><\/p>\n<p><\/p>\n<ol class=\"wp-block-list\">\n<li style=\"list-style-type: none;\">\n<ol><\/ol>\n<\/li>\n<\/ol>\n<ol>\n<li style=\"list-style-type: none;\">\n<ol>\n<li>G) SECURITY MEASURES IMPLEMENTED<\/li>\n<\/ol>\n<\/li>\n<\/ol>\n<p><\/p>\n<p><\/p>\n<p><\/p>\n<p>Mundo das Desserts guides the security of data processing with measures to implement controls on the transmission of information via computer; existence of restricted access profiles to data, based on a criterion of need, and respective control of queries; installation of Firewalls to prevent unauthorized access.<\/p>\n<p><\/p>\n<p><\/p>\n<p><strong>4- DEADLINES FOR PROCESSING AND STORING PERSONAL DATA<\/strong><\/p>\n<p><\/p>\n<p><\/p>\n<p>In the case of treatments based on consent, the data will be deleted as soon as the client, user, candidate withdraws consent or exercises the right to erasure.<\/p>\n<p><\/p>\n<p><\/p>\n<p>Mundo das Desserts processes and retains your personal data for the period necessary to fulfill the purposes that motivated its collection and preservation and always in accordance with current legislation.<\/p>\n<p><\/p>\n<p><\/p>\n<p>Therefore, O Mundo das Sobremesas processes and maintains personal data for a period of two years, or, in the case of maintaining a contractual relationship for longer periods, as long as it remains in force or periods necessary to ensure rights or duties related to the contract, or because it has legitimate interests that support it, but always for the period strictly necessary to achieve the respective purposes and in accordance with the guidelines and decisions of the CNPD.<\/p>\n<p><\/p>\n<p><\/p>\n<p>With regard to Candidates' Personal Data, they are kept for two years, after which period the registration will be canceled and the data deleted, unless the right to erasure is exercised.<\/p>\n<p><\/p>\n<p><\/p>\n<p><strong>5 \u2013 DATA PROTECTION RIGHTS<\/strong><\/p>\n<p><\/p>\n<p><\/p>\n<p class=\"translation-block\"><strong>Right of access<\/strong>- Right to obtain confirmation of which personal data are being processed and information about them, such as the purposes of processing, retention periods, among others .<\/p>\n<p><\/p>\n<p><\/p>\n<p class=\"translation-block\"><strong>Right to rectification<\/strong>\u2013 Right to request the rectification of your personal data that is inaccurate or to request that incomplete personal data be completed (such as address, NIF, email, telephone contacts, between others).<\/p>\n<p><\/p>\n<p><\/p>\n<p class=\"translation-block\"><strong>Right to erasure or be \u201cforgotten\u201d<\/strong>\u2013 Right to obtain the erasure of your personal data, in cases where this is legally possible and as long as there are no valid grounds for its conservation, such as cases in which data must be kept to comply with a legal obligation.<\/p>\n<p><\/p>\n<p><\/p>\n<p class=\"translation-block\"><strong>Right to portability<\/strong>\u2013 Right to receive the data you have provided to us in a commonly used, machine-readable digital format or to request the direct transmission of your data to another entity that becomes the new person responsible for your data personal data.<\/p>\n<p><\/p>\n<p><\/p>\n<p class=\"translation-block\"><strong>Right to object and automated individual decisions<\/strong>\u2013 Right to oppose or withdraw your consent, at any time, to data processing, in cases where this is legally possible (such as in the case of data processing data for marketing purposes).<\/p>\n<p><\/p>\n<p><\/p>\n<p class=\"translation-block\"><strong>Right of limitation<\/strong>\u2013 Right to request the limitation of the processing of your personal data, in cases where this is legally possible, in the form of:<\/p>\n<p><\/p>\n<p><\/p>\n<ul class=\"wp-block-list\">\n<li style=\"list-style-type: none;\">\n<ul><\/ul>\n<\/li>\n<\/ul>\n<ul>\n<li style=\"list-style-type: none;\">\n<ul>\n<li>Suspension of treatment<\/li>\n<\/ul>\n<\/li>\n<\/ul>\n<p><\/p>\n<p><\/p>\n<ul>\n<li style=\"list-style-type: none;\">\n<ul>\n<li>Limitation of the scope of processing to certain categories of data or processing purposes.<\/li>\n<\/ul>\n<\/li>\n<\/ul>\n<p><\/p>\n<p><\/p>\n<p><\/p>\n<p class=\"translation-block\"><strong>Right to complain<\/strong>\u2013 Right to lodge a complaint with the supervisory authority, the CNPD.<\/p>\n<p><\/p>\n<p><\/p>\n<p>The exercise of any of the rights legally conferred, by the respective holder, must be done by means of a letter, or email message, expressly indicating which right he intends to exercise and under what terms, signed by him and accompanied by a photocopy of a identity document with the signature of the holder exercising their right, through the following means:<\/p>\n<p><\/p>\n<p><\/p>\n<p>Entity: O Mundo dasSobremesas \u2013 Ind\u00fastria Alimentar, Lda.<\/p>\n<p><\/p>\n<p><\/p>\n<p>Address: Rua da Ind\u00fastria, 30 4480-146 Rio Mau<\/p>\n<p><\/p>\n<p><\/p>\n<p>Email: rgpd@mundosobremesas.pt<\/p>\n<p><\/p>\n<p><\/p>\n<p>The holder of personal data may also withdraw their consent at any time, when applicable, through the channels provided for this purpose. However, the withdrawal of consent does not compromise the lawfulness of the processing carried out based on previously given consent nor the subsequent processing of the same data, based on another legal basis, such as compliance with the contract or the legal obligation to which O Mundo das Desserts \u2013 Ind\u00fastria Alimentar, Lda. are subject.<\/p>\n<p><\/p>\n<p><\/p>\n<p>For any questions about the collection and processing of data by O Mundo das Sobremesas \u2013 Ind\u00fastria Alimentar, Lda., the respective owner can contact you by email at rgpd@mundosobremesas.pt.<\/p>\n<p><\/p>\n<p><\/p>\n<p>If necessary, the holder may also lodge a complaint with the National Data Protection Commission (CNPD).<\/p>\n<p><\/p>\t\t\t\t\t\t\t\t<\/div>\n\t\t\t\t<\/div>\n\t\t\t\t\t<\/div>\n\t\t\t\t<\/div>\n\t\t\t\t<\/div>","protected":false},"excerpt":{"rendered":"<p>Pol\u00edtica de Privacidade e Dados Pessoais: O Mundo das Sobremesas \u2013 Ind\u00fastria Alimentar, Lda.\u00a0 (doravante identificada como Mundo das Sobremesas ou empresa) pauta a sua atua\u00e7\u00e3o pelo respeito, seguran\u00e7a, licitude, confidencialidade e rigor na aplica\u00e7\u00e3o de medidas necess\u00e1rias \u00e0 prote\u00e7\u00e3o dos dados pessoais, em conformidade com os princ\u00edpios legais que lhe sejam aplic\u00e1veis, nomeadamente os [&hellip;]<\/p>\n","protected":false},"author":1,"featured_media":0,"parent":0,"menu_order":0,"comment_status":"closed","ping_status":"open","template":"","meta":{"_acf_changed":false,"footnotes":""},"class_list":["post-3","page","type-page","status-publish","hentry"],"acf":[],"_links":{"self":[{"href":"https:\/\/mundosobremesas.pt\/en\/wp-json\/wp\/v2\/pages\/3","targetHints":{"allow":["GET"]}}],"collection":[{"href":"https:\/\/mundosobremesas.pt\/en\/wp-json\/wp\/v2\/pages"}],"about":[{"href":"https:\/\/mundosobremesas.pt\/en\/wp-json\/wp\/v2\/types\/page"}],"author":[{"embeddable":true,"href":"https:\/\/mundosobremesas.pt\/en\/wp-json\/wp\/v2\/users\/1"}],"replies":[{"embeddable":true,"href":"https:\/\/mundosobremesas.pt\/en\/wp-json\/wp\/v2\/comments?post=3"}],"version-history":[{"count":13,"href":"https:\/\/mundosobremesas.pt\/en\/wp-json\/wp\/v2\/pages\/3\/revisions"}],"predecessor-version":[{"id":485,"href":"https:\/\/mundosobremesas.pt\/en\/wp-json\/wp\/v2\/pages\/3\/revisions\/485"}],"wp:attachment":[{"href":"https:\/\/mundosobremesas.pt\/en\/wp-json\/wp\/v2\/media?parent=3"}],"curies":[{"name":"wp","href":"https:\/\/api.w.org\/{rel}","templated":true}]}}